{"id":122,"date":"2021-03-26T17:27:05","date_gmt":"2021-03-26T16:27:05","guid":{"rendered":"http:\/\/sebmultiservices.com\/?page_id=122"},"modified":"2021-05-06T17:28:01","modified_gmt":"2021-05-06T15:28:01","slug":"nettoyage-haute-pression","status":"publish","type":"page","link":"https:\/\/sebmultiservices.com\/index.php\/travaux-exterieurs\/nettoyage-haute-pression\/","title":{"rendered":"Nettoyage haute pression"},"content":{"rendered":"\n<figure class=\"wp-block-gallery columns-2 is-cropped wp-block-gallery-1 is-layout-flex wp-block-gallery-is-layout-flex\"><ul class=\"blocks-gallery-grid\"><li class=\"blocks-gallery-item\"><figure><img data-recalc-dims=\"1\" loading=\"lazy\" decoding=\"async\" width=\"847\" height=\"635\" src=\"https:\/\/i0.wp.com\/sebmultiservices.com\/wp-content\/uploads\/2021\/03\/IMG_5027.jpg?resize=847%2C635&#038;ssl=1\" alt=\"\" data-id=\"137\" data-full-url=\"https:\/\/sebmultiservices.com\/wp-content\/uploads\/2021\/03\/IMG_5027-scaled.jpg\" data-link=\"https:\/\/sebmultiservices.com\/index.php\/exterieure-de-la-maison\/nettoyage-sous-haute-pression\/img_5027\/\" class=\"wp-image-137\" srcset=\"https:\/\/i0.wp.com\/sebmultiservices.com\/wp-content\/uploads\/2021\/03\/IMG_5027-scaled.jpg?resize=1024%2C768&amp;ssl=1 1024w, https:\/\/i0.wp.com\/sebmultiservices.com\/wp-content\/uploads\/2021\/03\/IMG_5027-scaled.jpg?resize=300%2C225&amp;ssl=1 300w, https:\/\/i0.wp.com\/sebmultiservices.com\/wp-content\/uploads\/2021\/03\/IMG_5027-scaled.jpg?resize=768%2C576&amp;ssl=1 768w, https:\/\/i0.wp.com\/sebmultiservices.com\/wp-content\/uploads\/2021\/03\/IMG_5027-scaled.jpg?resize=1536%2C1152&amp;ssl=1 1536w, https:\/\/i0.wp.com\/sebmultiservices.com\/wp-content\/uploads\/2021\/03\/IMG_5027-scaled.jpg?resize=2048%2C1536&amp;ssl=1 2048w, https:\/\/i0.wp.com\/sebmultiservices.com\/wp-content\/uploads\/2021\/03\/IMG_5027-scaled.jpg?w=1694&amp;ssl=1 1694w, https:\/\/i0.wp.com\/sebmultiservices.com\/wp-content\/uploads\/2021\/03\/IMG_5027-scaled.jpg?w=2541&amp;ssl=1 2541w\" sizes=\"(max-width: 847px) 100vw, 847px\" \/><\/figure><\/li><li class=\"blocks-gallery-item\"><figure><img data-recalc-dims=\"1\" loading=\"lazy\" decoding=\"async\" width=\"768\" height=\"1024\" src=\"https:\/\/i0.wp.com\/sebmultiservices.com\/wp-content\/uploads\/2021\/03\/IMG_5028.jpg?resize=768%2C1024&#038;ssl=1\" alt=\"\" data-id=\"138\" data-full-url=\"https:\/\/sebmultiservices.com\/wp-content\/uploads\/2021\/03\/IMG_5028-scaled.jpg\" data-link=\"https:\/\/sebmultiservices.com\/index.php\/exterieure-de-la-maison\/nettoyage-sous-haute-pression\/img_5028\/\" class=\"wp-image-138\" srcset=\"https:\/\/i0.wp.com\/sebmultiservices.com\/wp-content\/uploads\/2021\/03\/IMG_5028-scaled.jpg?resize=768%2C1024&amp;ssl=1 768w, https:\/\/i0.wp.com\/sebmultiservices.com\/wp-content\/uploads\/2021\/03\/IMG_5028-scaled.jpg?resize=225%2C300&amp;ssl=1 225w, https:\/\/i0.wp.com\/sebmultiservices.com\/wp-content\/uploads\/2021\/03\/IMG_5028-scaled.jpg?resize=1152%2C1536&amp;ssl=1 1152w, https:\/\/i0.wp.com\/sebmultiservices.com\/wp-content\/uploads\/2021\/03\/IMG_5028-scaled.jpg?resize=1536%2C2048&amp;ssl=1 1536w, https:\/\/i0.wp.com\/sebmultiservices.com\/wp-content\/uploads\/2021\/03\/IMG_5028-scaled.jpg?w=1920&amp;ssl=1 1920w, https:\/\/i0.wp.com\/sebmultiservices.com\/wp-content\/uploads\/2021\/03\/IMG_5028-scaled.jpg?w=1694&amp;ssl=1 1694w\" sizes=\"(max-width: 768px) 100vw, 768px\" \/><\/figure><\/li><\/ul><\/figure>\n\n\n\n<br>\n\n\n\n<figure class=\"wp-block-gallery columns-2 is-cropped wp-block-gallery-2 is-layout-flex wp-block-gallery-is-layout-flex\"><ul class=\"blocks-gallery-grid\"><li class=\"blocks-gallery-item\"><figure><img data-recalc-dims=\"1\" loading=\"lazy\" decoding=\"async\" width=\"847\" height=\"635\" src=\"https:\/\/i0.wp.com\/sebmultiservices.com\/wp-content\/uploads\/2021\/03\/Nettoyage-sous-haute-pression-avant-1.jpg?resize=847%2C635&#038;ssl=1\" alt=\"\" data-id=\"270\" data-full-url=\"https:\/\/sebmultiservices.com\/wp-content\/uploads\/2021\/03\/Nettoyage-sous-haute-pression-avant-1-scaled.jpg\" data-link=\"https:\/\/sebmultiservices.com\/index.php\/exterieur-de-la-maison\/nettoyage-sous-haute-pression\/nettoyage-sous-haute-pression-avant-1\/\" class=\"wp-image-270\" srcset=\"https:\/\/i0.wp.com\/sebmultiservices.com\/wp-content\/uploads\/2021\/03\/Nettoyage-sous-haute-pression-avant-1-scaled.jpg?resize=1024%2C768&amp;ssl=1 1024w, https:\/\/i0.wp.com\/sebmultiservices.com\/wp-content\/uploads\/2021\/03\/Nettoyage-sous-haute-pression-avant-1-scaled.jpg?resize=300%2C225&amp;ssl=1 300w, https:\/\/i0.wp.com\/sebmultiservices.com\/wp-content\/uploads\/2021\/03\/Nettoyage-sous-haute-pression-avant-1-scaled.jpg?resize=768%2C576&amp;ssl=1 768w, https:\/\/i0.wp.com\/sebmultiservices.com\/wp-content\/uploads\/2021\/03\/Nettoyage-sous-haute-pression-avant-1-scaled.jpg?resize=1536%2C1152&amp;ssl=1 1536w, https:\/\/i0.wp.com\/sebmultiservices.com\/wp-content\/uploads\/2021\/03\/Nettoyage-sous-haute-pression-avant-1-scaled.jpg?resize=2048%2C1536&amp;ssl=1 2048w, https:\/\/i0.wp.com\/sebmultiservices.com\/wp-content\/uploads\/2021\/03\/Nettoyage-sous-haute-pression-avant-1-scaled.jpg?w=1694&amp;ssl=1 1694w, https:\/\/i0.wp.com\/sebmultiservices.com\/wp-content\/uploads\/2021\/03\/Nettoyage-sous-haute-pression-avant-1-scaled.jpg?w=2541&amp;ssl=1 2541w\" sizes=\"(max-width: 847px) 100vw, 847px\" \/><figcaption class=\"blocks-gallery-item__caption\"><strong><em>Avant<\/em><\/strong><\/figcaption><\/figure><\/li><li class=\"blocks-gallery-item\"><figure><img data-recalc-dims=\"1\" loading=\"lazy\" decoding=\"async\" width=\"847\" height=\"635\" src=\"https:\/\/i0.wp.com\/sebmultiservices.com\/wp-content\/uploads\/2021\/03\/Nettoyage-sous-haute-pression-apres-1.jpg?resize=847%2C635&#038;ssl=1\" alt=\"\" data-id=\"269\" data-full-url=\"https:\/\/sebmultiservices.com\/wp-content\/uploads\/2021\/03\/Nettoyage-sous-haute-pression-apres-1-scaled.jpg\" data-link=\"https:\/\/sebmultiservices.com\/index.php\/exterieur-de-la-maison\/nettoyage-sous-haute-pression\/nettoyage-sous-haute-pression-apres-1\/\" class=\"wp-image-269\" srcset=\"https:\/\/i0.wp.com\/sebmultiservices.com\/wp-content\/uploads\/2021\/03\/Nettoyage-sous-haute-pression-apres-1-scaled.jpg?resize=1024%2C768&amp;ssl=1 1024w, https:\/\/i0.wp.com\/sebmultiservices.com\/wp-content\/uploads\/2021\/03\/Nettoyage-sous-haute-pression-apres-1-scaled.jpg?resize=300%2C225&amp;ssl=1 300w, https:\/\/i0.wp.com\/sebmultiservices.com\/wp-content\/uploads\/2021\/03\/Nettoyage-sous-haute-pression-apres-1-scaled.jpg?resize=768%2C576&amp;ssl=1 768w, https:\/\/i0.wp.com\/sebmultiservices.com\/wp-content\/uploads\/2021\/03\/Nettoyage-sous-haute-pression-apres-1-scaled.jpg?resize=1536%2C1152&amp;ssl=1 1536w, https:\/\/i0.wp.com\/sebmultiservices.com\/wp-content\/uploads\/2021\/03\/Nettoyage-sous-haute-pression-apres-1-scaled.jpg?resize=2048%2C1536&amp;ssl=1 2048w, https:\/\/i0.wp.com\/sebmultiservices.com\/wp-content\/uploads\/2021\/03\/Nettoyage-sous-haute-pression-apres-1-scaled.jpg?w=1694&amp;ssl=1 1694w, https:\/\/i0.wp.com\/sebmultiservices.com\/wp-content\/uploads\/2021\/03\/Nettoyage-sous-haute-pression-apres-1-scaled.jpg?w=2541&amp;ssl=1 2541w\" sizes=\"(max-width: 847px) 100vw, 847px\" \/><figcaption class=\"blocks-gallery-item__caption\"><strong><em>Pendant<\/em><\/strong><\/figcaption><\/figure><\/li><\/ul><\/figure>\n","protected":false},"excerpt":{"rendered":"","protected":false},"author":2,"featured_media":0,"parent":73,"menu_order":0,"comment_status":"closed","ping_status":"closed","template":"","meta":{"footnotes":""},"yoast_head":"<!-- This site is optimized with the Yoast SEO plugin v24.5 - https:\/\/yoast.com\/wordpress\/plugins\/seo\/ -->\n<title>Nettoyage haute pression &#8211; Seb Multiservices<\/title>\n<meta name=\"description\" content=\"Je nettoie sous haute pression vos terrasses ainsi que d&#039;autres \u00e9l\u00e9ments qui aurait besoin d&#039;un bon nettoyage pour profiter pleinement de vos ext\u00e9rieurs.\" \/>\n<meta name=\"robots\" content=\"index, follow, max-snippet:-1, max-image-preview:large, max-video-preview:-1\" \/>\n<link rel=\"canonical\" href=\"https:\/\/sebmultiservices.com\/index.php\/travaux-exterieurs\/nettoyage-haute-pression\/\" \/>\n<meta property=\"og:locale\" content=\"fr_FR\" \/>\n<meta property=\"og:type\" content=\"article\" \/>\n<meta property=\"og:title\" content=\"Nettoyage haute pression &#8211; Seb Multiservices\" \/>\n<meta property=\"og:description\" content=\"Je nettoie sous haute pression vos terrasses ainsi que d&#039;autres \u00e9l\u00e9ments qui aurait besoin d&#039;un bon nettoyage pour profiter pleinement de vos ext\u00e9rieurs.\" \/>\n<meta property=\"og:url\" content=\"https:\/\/sebmultiservices.com\/index.php\/travaux-exterieurs\/nettoyage-haute-pression\/\" \/>\n<meta property=\"og:site_name\" content=\"Seb Multiservices\" \/>\n<meta property=\"article:modified_time\" content=\"2021-05-06T15:28:01+00:00\" \/>\n<meta property=\"og:image\" content=\"http:\/\/sebmultiservices.com\/wp-content\/uploads\/2021\/03\/IMG_5027-1024x768.jpg\" \/>\n<meta name=\"twitter:card\" content=\"summary_large_image\" \/>\n<meta name=\"twitter:label1\" content=\"Dur\u00e9e de lecture estim\u00e9e\" \/>\n\t<meta name=\"twitter:data1\" content=\"1 minute\" \/>\n<script type=\"application\/ld+json\" class=\"yoast-schema-graph\">{\"@context\":\"https:\/\/schema.org\",\"@graph\":[{\"@type\":\"WebPage\",\"@id\":\"https:\/\/sebmultiservices.com\/index.php\/travaux-exterieurs\/nettoyage-haute-pression\/\",\"url\":\"https:\/\/sebmultiservices.com\/index.php\/travaux-exterieurs\/nettoyage-haute-pression\/\",\"name\":\"Nettoyage haute pression &#8211; Seb Multiservices\",\"isPartOf\":{\"@id\":\"https:\/\/sebmultiservices.com\/#website\"},\"primaryImageOfPage\":{\"@id\":\"https:\/\/sebmultiservices.com\/index.php\/travaux-exterieurs\/nettoyage-haute-pression\/#primaryimage\"},\"image\":{\"@id\":\"https:\/\/sebmultiservices.com\/index.php\/travaux-exterieurs\/nettoyage-haute-pression\/#primaryimage\"},\"thumbnailUrl\":\"http:\/\/sebmultiservices.com\/wp-content\/uploads\/2021\/03\/IMG_5027-1024x768.jpg\",\"datePublished\":\"2021-03-26T16:27:05+00:00\",\"dateModified\":\"2021-05-06T15:28:01+00:00\",\"description\":\"Je nettoie sous haute pression vos terrasses ainsi que d'autres \u00e9l\u00e9ments qui aurait besoin d'un bon nettoyage pour profiter pleinement de vos ext\u00e9rieurs.\",\"breadcrumb\":{\"@id\":\"https:\/\/sebmultiservices.com\/index.php\/travaux-exterieurs\/nettoyage-haute-pression\/#breadcrumb\"},\"inLanguage\":\"fr-FR\",\"potentialAction\":[{\"@type\":\"ReadAction\",\"target\":[\"https:\/\/sebmultiservices.com\/index.php\/travaux-exterieurs\/nettoyage-haute-pression\/\"]}]},{\"@type\":\"ImageObject\",\"inLanguage\":\"fr-FR\",\"@id\":\"https:\/\/sebmultiservices.com\/index.php\/travaux-exterieurs\/nettoyage-haute-pression\/#primaryimage\",\"url\":\"http:\/\/sebmultiservices.com\/wp-content\/uploads\/2021\/03\/IMG_5027-1024x768.jpg\",\"contentUrl\":\"http:\/\/sebmultiservices.com\/wp-content\/uploads\/2021\/03\/IMG_5027-1024x768.jpg\"},{\"@type\":\"BreadcrumbList\",\"@id\":\"https:\/\/sebmultiservices.com\/index.php\/travaux-exterieurs\/nettoyage-haute-pression\/#breadcrumb\",\"itemListElement\":[{\"@type\":\"ListItem\",\"position\":1,\"name\":\"Accueil\",\"item\":\"https:\/\/sebmultiservices.com\/\"},{\"@type\":\"ListItem\",\"position\":2,\"name\":\"Travaux ext\u00e9rieurs\",\"item\":\"https:\/\/sebmultiservices.com\/index.php\/travaux-exterieurs\/\"},{\"@type\":\"ListItem\",\"position\":3,\"name\":\"Nettoyage haute pression\"}]},{\"@type\":\"WebSite\",\"@id\":\"https:\/\/sebmultiservices.com\/#website\",\"url\":\"https:\/\/sebmultiservices.com\/\",\"name\":\"Seb Multiservices\",\"description\":\"Le service \u00e0 domicile sur-mesure !\",\"publisher\":{\"@id\":\"https:\/\/sebmultiservices.com\/#organization\"},\"potentialAction\":[{\"@type\":\"SearchAction\",\"target\":{\"@type\":\"EntryPoint\",\"urlTemplate\":\"https:\/\/sebmultiservices.com\/?s={search_term_string}\"},\"query-input\":{\"@type\":\"PropertyValueSpecification\",\"valueRequired\":true,\"valueName\":\"search_term_string\"}}],\"inLanguage\":\"fr-FR\"},{\"@type\":\"Organization\",\"@id\":\"https:\/\/sebmultiservices.com\/#organization\",\"name\":\"Seb Multiservices\",\"url\":\"https:\/\/sebmultiservices.com\/\",\"logo\":{\"@type\":\"ImageObject\",\"inLanguage\":\"fr-FR\",\"@id\":\"https:\/\/sebmultiservices.com\/#\/schema\/logo\/image\/\",\"url\":\"https:\/\/sebmultiservices.com\/wp-content\/uploads\/2021\/03\/cropped-Logo-devant-t-shirt-6.jpg\",\"contentUrl\":\"https:\/\/sebmultiservices.com\/wp-content\/uploads\/2021\/03\/cropped-Logo-devant-t-shirt-6.jpg\",\"width\":804,\"height\":326,\"caption\":\"Seb Multiservices\"},\"image\":{\"@id\":\"https:\/\/sebmultiservices.com\/#\/schema\/logo\/image\/\"}}]}<\/script>\n<!-- \/ Yoast SEO plugin. -->","yoast_head_json":{"title":"Nettoyage haute pression &#8211; Seb Multiservices","description":"Je nettoie sous haute pression vos terrasses ainsi que d'autres \u00e9l\u00e9ments qui aurait besoin d'un bon nettoyage pour profiter pleinement de vos ext\u00e9rieurs.","robots":{"index":"index","follow":"follow","max-snippet":"max-snippet:-1","max-image-preview":"max-image-preview:large","max-video-preview":"max-video-preview:-1"},"canonical":"https:\/\/sebmultiservices.com\/index.php\/travaux-exterieurs\/nettoyage-haute-pression\/","og_locale":"fr_FR","og_type":"article","og_title":"Nettoyage haute pression &#8211; Seb Multiservices","og_description":"Je nettoie sous haute pression vos terrasses ainsi que d'autres \u00e9l\u00e9ments qui aurait besoin d'un bon nettoyage pour profiter pleinement de vos ext\u00e9rieurs.","og_url":"https:\/\/sebmultiservices.com\/index.php\/travaux-exterieurs\/nettoyage-haute-pression\/","og_site_name":"Seb Multiservices","article_modified_time":"2021-05-06T15:28:01+00:00","og_image":[{"url":"http:\/\/sebmultiservices.com\/wp-content\/uploads\/2021\/03\/IMG_5027-1024x768.jpg","type":"","width":"","height":""}],"twitter_card":"summary_large_image","twitter_misc":{"Dur\u00e9e de lecture estim\u00e9e":"1 minute"},"schema":{"@context":"https:\/\/schema.org","@graph":[{"@type":"WebPage","@id":"https:\/\/sebmultiservices.com\/index.php\/travaux-exterieurs\/nettoyage-haute-pression\/","url":"https:\/\/sebmultiservices.com\/index.php\/travaux-exterieurs\/nettoyage-haute-pression\/","name":"Nettoyage haute pression &#8211; Seb Multiservices","isPartOf":{"@id":"https:\/\/sebmultiservices.com\/#website"},"primaryImageOfPage":{"@id":"https:\/\/sebmultiservices.com\/index.php\/travaux-exterieurs\/nettoyage-haute-pression\/#primaryimage"},"image":{"@id":"https:\/\/sebmultiservices.com\/index.php\/travaux-exterieurs\/nettoyage-haute-pression\/#primaryimage"},"thumbnailUrl":"http:\/\/sebmultiservices.com\/wp-content\/uploads\/2021\/03\/IMG_5027-1024x768.jpg","datePublished":"2021-03-26T16:27:05+00:00","dateModified":"2021-05-06T15:28:01+00:00","description":"Je nettoie sous haute pression vos terrasses ainsi que d'autres \u00e9l\u00e9ments qui aurait besoin d'un bon nettoyage pour profiter pleinement de vos ext\u00e9rieurs.","breadcrumb":{"@id":"https:\/\/sebmultiservices.com\/index.php\/travaux-exterieurs\/nettoyage-haute-pression\/#breadcrumb"},"inLanguage":"fr-FR","potentialAction":[{"@type":"ReadAction","target":["https:\/\/sebmultiservices.com\/index.php\/travaux-exterieurs\/nettoyage-haute-pression\/"]}]},{"@type":"ImageObject","inLanguage":"fr-FR","@id":"https:\/\/sebmultiservices.com\/index.php\/travaux-exterieurs\/nettoyage-haute-pression\/#primaryimage","url":"http:\/\/sebmultiservices.com\/wp-content\/uploads\/2021\/03\/IMG_5027-1024x768.jpg","contentUrl":"http:\/\/sebmultiservices.com\/wp-content\/uploads\/2021\/03\/IMG_5027-1024x768.jpg"},{"@type":"BreadcrumbList","@id":"https:\/\/sebmultiservices.com\/index.php\/travaux-exterieurs\/nettoyage-haute-pression\/#breadcrumb","itemListElement":[{"@type":"ListItem","position":1,"name":"Accueil","item":"https:\/\/sebmultiservices.com\/"},{"@type":"ListItem","position":2,"name":"Travaux ext\u00e9rieurs","item":"https:\/\/sebmultiservices.com\/index.php\/travaux-exterieurs\/"},{"@type":"ListItem","position":3,"name":"Nettoyage haute pression"}]},{"@type":"WebSite","@id":"https:\/\/sebmultiservices.com\/#website","url":"https:\/\/sebmultiservices.com\/","name":"Seb Multiservices","description":"Le service \u00e0 domicile sur-mesure !","publisher":{"@id":"https:\/\/sebmultiservices.com\/#organization"},"potentialAction":[{"@type":"SearchAction","target":{"@type":"EntryPoint","urlTemplate":"https:\/\/sebmultiservices.com\/?s={search_term_string}"},"query-input":{"@type":"PropertyValueSpecification","valueRequired":true,"valueName":"search_term_string"}}],"inLanguage":"fr-FR"},{"@type":"Organization","@id":"https:\/\/sebmultiservices.com\/#organization","name":"Seb Multiservices","url":"https:\/\/sebmultiservices.com\/","logo":{"@type":"ImageObject","inLanguage":"fr-FR","@id":"https:\/\/sebmultiservices.com\/#\/schema\/logo\/image\/","url":"https:\/\/sebmultiservices.com\/wp-content\/uploads\/2021\/03\/cropped-Logo-devant-t-shirt-6.jpg","contentUrl":"https:\/\/sebmultiservices.com\/wp-content\/uploads\/2021\/03\/cropped-Logo-devant-t-shirt-6.jpg","width":804,"height":326,"caption":"Seb Multiservices"},"image":{"@id":"https:\/\/sebmultiservices.com\/#\/schema\/logo\/image\/"}}]}},"jetpack_sharing_enabled":true,"_links":{"self":[{"href":"https:\/\/sebmultiservices.com\/index.php\/wp-json\/wp\/v2\/pages\/122"}],"collection":[{"href":"https:\/\/sebmultiservices.com\/index.php\/wp-json\/wp\/v2\/pages"}],"about":[{"href":"https:\/\/sebmultiservices.com\/index.php\/wp-json\/wp\/v2\/types\/page"}],"author":[{"embeddable":true,"href":"https:\/\/sebmultiservices.com\/index.php\/wp-json\/wp\/v2\/users\/2"}],"replies":[{"embeddable":true,"href":"https:\/\/sebmultiservices.com\/index.php\/wp-json\/wp\/v2\/comments?post=122"}],"version-history":[{"count":8,"href":"https:\/\/sebmultiservices.com\/index.php\/wp-json\/wp\/v2\/pages\/122\/revisions"}],"predecessor-version":[{"id":959,"href":"https:\/\/sebmultiservices.com\/index.php\/wp-json\/wp\/v2\/pages\/122\/revisions\/959"}],"up":[{"embeddable":true,"href":"https:\/\/sebmultiservices.com\/index.php\/wp-json\/wp\/v2\/pages\/73"}],"wp:attachment":[{"href":"https:\/\/sebmultiservices.com\/index.php\/wp-json\/wp\/v2\/media?parent=122"}],"curies":[{"name":"wp","href":"https:\/\/api.w.org\/{rel}","templated":true}]}}