{"id":183,"date":"2021-03-30T16:13:31","date_gmt":"2021-03-30T14:13:31","guid":{"rendered":"http:\/\/sebmultiservices.com\/?page_id=183"},"modified":"2021-05-04T17:26:28","modified_gmt":"2021-05-04T15:26:28","slug":"electricite","status":"publish","type":"page","link":"https:\/\/sebmultiservices.com\/index.php\/electricite\/","title":{"rendered":"\u00c9lectricit\u00e9"},"content":{"rendered":"\n<ul><li>Remplacement d&rsquo;interrupteur et de prise de courant<\/li><li>Pose de volets \u00e9lectriques<\/li><\/ul>\n","protected":false},"excerpt":{"rendered":"<p>Remplacement d&rsquo;interrupteur et de prise de courant Pose de volets \u00e9lectriques<\/p>\n","protected":false},"author":2,"featured_media":0,"parent":0,"menu_order":0,"comment_status":"closed","ping_status":"closed","template":"","meta":{"footnotes":""},"yoast_head":"<!-- This site is optimized with the Yoast SEO plugin v24.5 - https:\/\/yoast.com\/wordpress\/plugins\/seo\/ -->\n<title>\u00c9lectricit\u00e9 &#8211; Seb Multiservices<\/title>\n<meta name=\"description\" content=\"Vous avez des installations \u00e9lectriques qui datent ? Vous souhaitez vous mettre au go\u00fbt du jour ? Je suis l\u00e0 pour m&#039;en charger.\" \/>\n<meta name=\"robots\" content=\"index, follow, max-snippet:-1, max-image-preview:large, max-video-preview:-1\" \/>\n<link rel=\"canonical\" href=\"https:\/\/sebmultiservices.com\/index.php\/electricite\/\" \/>\n<meta property=\"og:locale\" content=\"fr_FR\" \/>\n<meta property=\"og:type\" content=\"article\" \/>\n<meta property=\"og:title\" content=\"\u00c9lectricit\u00e9 &#8211; Seb Multiservices\" \/>\n<meta property=\"og:description\" content=\"Vous avez des installations \u00e9lectriques qui datent ? Vous souhaitez vous mettre au go\u00fbt du jour ? Je suis l\u00e0 pour m&#039;en charger.\" \/>\n<meta property=\"og:url\" content=\"https:\/\/sebmultiservices.com\/index.php\/electricite\/\" \/>\n<meta property=\"og:site_name\" content=\"Seb Multiservices\" \/>\n<meta property=\"article:modified_time\" content=\"2021-05-04T15:26:28+00:00\" \/>\n<meta name=\"twitter:card\" content=\"summary_large_image\" \/>\n<meta name=\"twitter:label1\" content=\"Dur\u00e9e de lecture estim\u00e9e\" \/>\n\t<meta name=\"twitter:data1\" content=\"1 minute\" \/>\n<script type=\"application\/ld+json\" class=\"yoast-schema-graph\">{\"@context\":\"https:\/\/schema.org\",\"@graph\":[{\"@type\":\"WebPage\",\"@id\":\"https:\/\/sebmultiservices.com\/index.php\/electricite\/\",\"url\":\"https:\/\/sebmultiservices.com\/index.php\/electricite\/\",\"name\":\"\u00c9lectricit\u00e9 &#8211; Seb Multiservices\",\"isPartOf\":{\"@id\":\"https:\/\/sebmultiservices.com\/#website\"},\"datePublished\":\"2021-03-30T14:13:31+00:00\",\"dateModified\":\"2021-05-04T15:26:28+00:00\",\"description\":\"Vous avez des installations \u00e9lectriques qui datent ? Vous souhaitez vous mettre au go\u00fbt du jour ? Je suis l\u00e0 pour m'en charger.\",\"breadcrumb\":{\"@id\":\"https:\/\/sebmultiservices.com\/index.php\/electricite\/#breadcrumb\"},\"inLanguage\":\"fr-FR\",\"potentialAction\":[{\"@type\":\"ReadAction\",\"target\":[\"https:\/\/sebmultiservices.com\/index.php\/electricite\/\"]}]},{\"@type\":\"BreadcrumbList\",\"@id\":\"https:\/\/sebmultiservices.com\/index.php\/electricite\/#breadcrumb\",\"itemListElement\":[{\"@type\":\"ListItem\",\"position\":1,\"name\":\"Accueil\",\"item\":\"https:\/\/sebmultiservices.com\/\"},{\"@type\":\"ListItem\",\"position\":2,\"name\":\"\u00c9lectricit\u00e9\"}]},{\"@type\":\"WebSite\",\"@id\":\"https:\/\/sebmultiservices.com\/#website\",\"url\":\"https:\/\/sebmultiservices.com\/\",\"name\":\"Seb Multiservices\",\"description\":\"Le service \u00e0 domicile sur-mesure !\",\"publisher\":{\"@id\":\"https:\/\/sebmultiservices.com\/#organization\"},\"potentialAction\":[{\"@type\":\"SearchAction\",\"target\":{\"@type\":\"EntryPoint\",\"urlTemplate\":\"https:\/\/sebmultiservices.com\/?s={search_term_string}\"},\"query-input\":{\"@type\":\"PropertyValueSpecification\",\"valueRequired\":true,\"valueName\":\"search_term_string\"}}],\"inLanguage\":\"fr-FR\"},{\"@type\":\"Organization\",\"@id\":\"https:\/\/sebmultiservices.com\/#organization\",\"name\":\"Seb Multiservices\",\"url\":\"https:\/\/sebmultiservices.com\/\",\"logo\":{\"@type\":\"ImageObject\",\"inLanguage\":\"fr-FR\",\"@id\":\"https:\/\/sebmultiservices.com\/#\/schema\/logo\/image\/\",\"url\":\"https:\/\/sebmultiservices.com\/wp-content\/uploads\/2021\/03\/cropped-Logo-devant-t-shirt-6.jpg\",\"contentUrl\":\"https:\/\/sebmultiservices.com\/wp-content\/uploads\/2021\/03\/cropped-Logo-devant-t-shirt-6.jpg\",\"width\":804,\"height\":326,\"caption\":\"Seb Multiservices\"},\"image\":{\"@id\":\"https:\/\/sebmultiservices.com\/#\/schema\/logo\/image\/\"}}]}<\/script>\n<!-- \/ Yoast SEO plugin. -->","yoast_head_json":{"title":"\u00c9lectricit\u00e9 &#8211; Seb Multiservices","description":"Vous avez des installations \u00e9lectriques qui datent ? Vous souhaitez vous mettre au go\u00fbt du jour ? Je suis l\u00e0 pour m'en charger.","robots":{"index":"index","follow":"follow","max-snippet":"max-snippet:-1","max-image-preview":"max-image-preview:large","max-video-preview":"max-video-preview:-1"},"canonical":"https:\/\/sebmultiservices.com\/index.php\/electricite\/","og_locale":"fr_FR","og_type":"article","og_title":"\u00c9lectricit\u00e9 &#8211; Seb Multiservices","og_description":"Vous avez des installations \u00e9lectriques qui datent ? Vous souhaitez vous mettre au go\u00fbt du jour ? Je suis l\u00e0 pour m'en charger.","og_url":"https:\/\/sebmultiservices.com\/index.php\/electricite\/","og_site_name":"Seb Multiservices","article_modified_time":"2021-05-04T15:26:28+00:00","twitter_card":"summary_large_image","twitter_misc":{"Dur\u00e9e de lecture estim\u00e9e":"1 minute"},"schema":{"@context":"https:\/\/schema.org","@graph":[{"@type":"WebPage","@id":"https:\/\/sebmultiservices.com\/index.php\/electricite\/","url":"https:\/\/sebmultiservices.com\/index.php\/electricite\/","name":"\u00c9lectricit\u00e9 &#8211; Seb Multiservices","isPartOf":{"@id":"https:\/\/sebmultiservices.com\/#website"},"datePublished":"2021-03-30T14:13:31+00:00","dateModified":"2021-05-04T15:26:28+00:00","description":"Vous avez des installations \u00e9lectriques qui datent ? Vous souhaitez vous mettre au go\u00fbt du jour ? Je suis l\u00e0 pour m'en charger.","breadcrumb":{"@id":"https:\/\/sebmultiservices.com\/index.php\/electricite\/#breadcrumb"},"inLanguage":"fr-FR","potentialAction":[{"@type":"ReadAction","target":["https:\/\/sebmultiservices.com\/index.php\/electricite\/"]}]},{"@type":"BreadcrumbList","@id":"https:\/\/sebmultiservices.com\/index.php\/electricite\/#breadcrumb","itemListElement":[{"@type":"ListItem","position":1,"name":"Accueil","item":"https:\/\/sebmultiservices.com\/"},{"@type":"ListItem","position":2,"name":"\u00c9lectricit\u00e9"}]},{"@type":"WebSite","@id":"https:\/\/sebmultiservices.com\/#website","url":"https:\/\/sebmultiservices.com\/","name":"Seb Multiservices","description":"Le service \u00e0 domicile sur-mesure !","publisher":{"@id":"https:\/\/sebmultiservices.com\/#organization"},"potentialAction":[{"@type":"SearchAction","target":{"@type":"EntryPoint","urlTemplate":"https:\/\/sebmultiservices.com\/?s={search_term_string}"},"query-input":{"@type":"PropertyValueSpecification","valueRequired":true,"valueName":"search_term_string"}}],"inLanguage":"fr-FR"},{"@type":"Organization","@id":"https:\/\/sebmultiservices.com\/#organization","name":"Seb Multiservices","url":"https:\/\/sebmultiservices.com\/","logo":{"@type":"ImageObject","inLanguage":"fr-FR","@id":"https:\/\/sebmultiservices.com\/#\/schema\/logo\/image\/","url":"https:\/\/sebmultiservices.com\/wp-content\/uploads\/2021\/03\/cropped-Logo-devant-t-shirt-6.jpg","contentUrl":"https:\/\/sebmultiservices.com\/wp-content\/uploads\/2021\/03\/cropped-Logo-devant-t-shirt-6.jpg","width":804,"height":326,"caption":"Seb Multiservices"},"image":{"@id":"https:\/\/sebmultiservices.com\/#\/schema\/logo\/image\/"}}]}},"jetpack_sharing_enabled":true,"_links":{"self":[{"href":"https:\/\/sebmultiservices.com\/index.php\/wp-json\/wp\/v2\/pages\/183"}],"collection":[{"href":"https:\/\/sebmultiservices.com\/index.php\/wp-json\/wp\/v2\/pages"}],"about":[{"href":"https:\/\/sebmultiservices.com\/index.php\/wp-json\/wp\/v2\/types\/page"}],"author":[{"embeddable":true,"href":"https:\/\/sebmultiservices.com\/index.php\/wp-json\/wp\/v2\/users\/2"}],"replies":[{"embeddable":true,"href":"https:\/\/sebmultiservices.com\/index.php\/wp-json\/wp\/v2\/comments?post=183"}],"version-history":[{"count":2,"href":"https:\/\/sebmultiservices.com\/index.php\/wp-json\/wp\/v2\/pages\/183\/revisions"}],"predecessor-version":[{"id":802,"href":"https:\/\/sebmultiservices.com\/index.php\/wp-json\/wp\/v2\/pages\/183\/revisions\/802"}],"wp:attachment":[{"href":"https:\/\/sebmultiservices.com\/index.php\/wp-json\/wp\/v2\/media?parent=183"}],"curies":[{"name":"wp","href":"https:\/\/api.w.org\/{rel}","templated":true}]}}