{"id":3,"date":"2021-03-18T16:44:11","date_gmt":"2021-03-18T15:44:11","guid":{"rendered":"http:\/\/sebmultiservices.com\/?page_id=3"},"modified":"2021-04-15T15:47:05","modified_gmt":"2021-04-15T13:47:05","slug":"politique-de-confidentialite","status":"publish","type":"page","link":"https:\/\/sebmultiservices.com\/index.php\/politique-de-confidentialite\/","title":{"rendered":"Mentions l\u00e9gales"},"content":{"rendered":"\n<h1 class=\"has-text-align-center has-white-color has-text-color has-background wp-block-heading\" style=\"background-color:#00adeb\"><strong>Mentions L\u00e9gales<\/strong><\/h1>\n\n\n\n<h2 class=\"wp-block-heading\">\u00c9diteur<\/h2>\n\n\n\n<p>Sebmultiservices<\/p>\n\n\n\n<p>16 Les Dutti\u00e8res<\/p>\n\n\n\n<p>85540 Le Givre<\/p>\n\n\n\n<h2 class=\"wp-block-heading\">Responsable de la publication<\/h2>\n\n\n\n<p>S\u00e9bastien D\u00f4<\/p>\n\n\n\n<h2 class=\"wp-block-heading\">Politique de gestion des cookies<\/h2>\n\n\n\n<p>La navigation sur ce site est susceptible de provoquer l\u2019installation de cookie(s) sur votre ordinateur. Un cookie est un fichier de petite taille, qui ne permet pas l\u2019identification de l\u2019utilisateur, mais qui enregistre des informations relatives \u00e0 la navigation d\u2019un ordinateur sur un site. Les donn\u00e9es ainsi obtenues visent \u00e0 faciliter la navigation ult\u00e9rieure sur le site, et ont \u00e9galement vocation \u00e0 permettre diverses mesures de fr\u00e9quentation, elles sont destin\u00e9es exclusivement \u00e0 l\u2019usage de Vu par. Nous vous rappelons que vous pouvez \u00e0 tout moment bloquer l\u2019enregistrement de ces cookies en configurant votre navigateur dans ce sens.<\/p>\n\n\n\n<h2 class=\"wp-block-heading\">Protection des donn\u00e9es personnelles<\/h2>\n\n\n\n<p>Conform\u00e9ment \u00e0 la loi du 6 janvier 1978 relative \u00e0 l\u2019informatique, aux fichiers et aux libert\u00e9s, le site a fait l\u2019objet d\u2019une d\u00e9claration aupr\u00e8s de la Commission Nationale Informatique et Libert\u00e9s (CNIL).<\/p>\n\n\n\n<p>Les utilisateurs du site sont tenus de respecter les dispositions de la Loi Informatique, Fichiers et Libert\u00e9s, dont la violation est passible de sanctions p\u00e9nales. Ils doivent notamment s\u2019abstenir, s\u2019agissant des informations nominatives auxquelles ils acc\u00e8dent, de toute collecte, de toute utilisation d\u00e9tourn\u00e9e, et d\u2019une mani\u00e8re g\u00e9n\u00e9rale, de tout acte susceptible de porter atteinte \u00e0 la vie priv\u00e9e ou \u00e0 la r\u00e9putation des personnes.<\/p>\n\n\n\n<p>Vous disposez d\u2019un droit d\u2019acc\u00e8s, de modification, de rectification et de suppression des donn\u00e9es vous concernant (loi \u201d Informatique et Libert\u00e9s \u201d du 6 janvier 1978 et R\u00e8glement G\u00e9n\u00e9ral europ\u00e9en de Protection des Donn\u00e9es personnelles 2016\/679).<br>Pour cela, vous pouvez contacter notre D\u00e9l\u00e9gu\u00e9 \u00e0 la Protection des Donn\u00e9es par mail (sebmultiservices85@hotmail.fr) ou voie postale.<\/p>\n\n\n\n<h2 class=\"wp-block-heading\">H\u00e9bergements<\/h2>\n\n\n\n<p>SASU OVH<\/p>\n\n\n\n<p>Capital social 10 069 020 \u20ac<\/p>\n\n\n\n<p>2 rue Kellermann<\/p>\n\n\n\n<p>59100 Roubaix<\/p>\n\n\n\n<p>France<\/p>\n","protected":false},"excerpt":{"rendered":"<p>Mentions L\u00e9gales \u00c9diteur Sebmultiservices 16 Les Dutti\u00e8res 85540 Le Givre Responsable de la publication S\u00e9bastien D\u00f4 Politique de gestion des &hellip; <\/p>\n","protected":false},"author":1,"featured_media":0,"parent":0,"menu_order":0,"comment_status":"closed","ping_status":"open","template":"","meta":{"footnotes":""},"yoast_head":"<!-- This site is optimized with the Yoast SEO plugin v24.5 - https:\/\/yoast.com\/wordpress\/plugins\/seo\/ -->\n<title>Mentions l\u00e9gales &#8211; Seb Multiservices<\/title>\n<meta name=\"description\" content=\"Seb Multiservices, le service \u00e0 domicile sur mesure. Situ\u00e9 en Vend\u00e9e, il vous accompagne de l\u2019\u00e9laboration \u00e0 la r\u00e9alisation concr\u00e8te de vos projets. Il intervient \u00e9galement pour r\u00e9soudre vos probl\u00e8mes et faciliter votre quotidien.\" \/>\n<meta name=\"robots\" content=\"index, follow, max-snippet:-1, max-image-preview:large, max-video-preview:-1\" \/>\n<link rel=\"canonical\" href=\"https:\/\/sebmultiservices.com\/index.php\/politique-de-confidentialite\/\" \/>\n<meta property=\"og:locale\" content=\"fr_FR\" \/>\n<meta property=\"og:type\" content=\"article\" \/>\n<meta property=\"og:title\" content=\"Mentions l\u00e9gales &#8211; Seb Multiservices\" \/>\n<meta property=\"og:description\" content=\"Seb Multiservices, le service \u00e0 domicile sur mesure. Situ\u00e9 en Vend\u00e9e, il vous accompagne de l\u2019\u00e9laboration \u00e0 la r\u00e9alisation concr\u00e8te de vos projets. Il intervient \u00e9galement pour r\u00e9soudre vos probl\u00e8mes et faciliter votre quotidien.\" \/>\n<meta property=\"og:url\" content=\"https:\/\/sebmultiservices.com\/index.php\/politique-de-confidentialite\/\" \/>\n<meta property=\"og:site_name\" content=\"Seb Multiservices\" \/>\n<meta property=\"article:modified_time\" content=\"2021-04-15T13:47:05+00:00\" \/>\n<meta name=\"twitter:card\" content=\"summary_large_image\" \/>\n<meta name=\"twitter:label1\" content=\"Dur\u00e9e de lecture estim\u00e9e\" \/>\n\t<meta name=\"twitter:data1\" content=\"2 minutes\" \/>\n<script type=\"application\/ld+json\" class=\"yoast-schema-graph\">{\"@context\":\"https:\/\/schema.org\",\"@graph\":[{\"@type\":\"WebPage\",\"@id\":\"https:\/\/sebmultiservices.com\/index.php\/politique-de-confidentialite\/\",\"url\":\"https:\/\/sebmultiservices.com\/index.php\/politique-de-confidentialite\/\",\"name\":\"Mentions l\u00e9gales &#8211; Seb Multiservices\",\"isPartOf\":{\"@id\":\"https:\/\/sebmultiservices.com\/#website\"},\"datePublished\":\"2021-03-18T15:44:11+00:00\",\"dateModified\":\"2021-04-15T13:47:05+00:00\",\"description\":\"Seb Multiservices, le service \u00e0 domicile sur mesure. Situ\u00e9 en Vend\u00e9e, il vous accompagne de l\u2019\u00e9laboration \u00e0 la r\u00e9alisation concr\u00e8te de vos projets. Il intervient \u00e9galement pour r\u00e9soudre vos probl\u00e8mes et faciliter votre quotidien.\",\"breadcrumb\":{\"@id\":\"https:\/\/sebmultiservices.com\/index.php\/politique-de-confidentialite\/#breadcrumb\"},\"inLanguage\":\"fr-FR\",\"potentialAction\":[{\"@type\":\"ReadAction\",\"target\":[\"https:\/\/sebmultiservices.com\/index.php\/politique-de-confidentialite\/\"]}]},{\"@type\":\"BreadcrumbList\",\"@id\":\"https:\/\/sebmultiservices.com\/index.php\/politique-de-confidentialite\/#breadcrumb\",\"itemListElement\":[{\"@type\":\"ListItem\",\"position\":1,\"name\":\"Accueil\",\"item\":\"https:\/\/sebmultiservices.com\/\"},{\"@type\":\"ListItem\",\"position\":2,\"name\":\"Mentions l\u00e9gales\"}]},{\"@type\":\"WebSite\",\"@id\":\"https:\/\/sebmultiservices.com\/#website\",\"url\":\"https:\/\/sebmultiservices.com\/\",\"name\":\"Seb Multiservices\",\"description\":\"Le service \u00e0 domicile sur-mesure !\",\"publisher\":{\"@id\":\"https:\/\/sebmultiservices.com\/#organization\"},\"potentialAction\":[{\"@type\":\"SearchAction\",\"target\":{\"@type\":\"EntryPoint\",\"urlTemplate\":\"https:\/\/sebmultiservices.com\/?s={search_term_string}\"},\"query-input\":{\"@type\":\"PropertyValueSpecification\",\"valueRequired\":true,\"valueName\":\"search_term_string\"}}],\"inLanguage\":\"fr-FR\"},{\"@type\":\"Organization\",\"@id\":\"https:\/\/sebmultiservices.com\/#organization\",\"name\":\"Seb Multiservices\",\"url\":\"https:\/\/sebmultiservices.com\/\",\"logo\":{\"@type\":\"ImageObject\",\"inLanguage\":\"fr-FR\",\"@id\":\"https:\/\/sebmultiservices.com\/#\/schema\/logo\/image\/\",\"url\":\"https:\/\/sebmultiservices.com\/wp-content\/uploads\/2021\/03\/cropped-Logo-devant-t-shirt-6.jpg\",\"contentUrl\":\"https:\/\/sebmultiservices.com\/wp-content\/uploads\/2021\/03\/cropped-Logo-devant-t-shirt-6.jpg\",\"width\":804,\"height\":326,\"caption\":\"Seb Multiservices\"},\"image\":{\"@id\":\"https:\/\/sebmultiservices.com\/#\/schema\/logo\/image\/\"}}]}<\/script>\n<!-- \/ Yoast SEO plugin. -->","yoast_head_json":{"title":"Mentions l\u00e9gales &#8211; Seb Multiservices","description":"Seb Multiservices, le service \u00e0 domicile sur mesure. Situ\u00e9 en Vend\u00e9e, il vous accompagne de l\u2019\u00e9laboration \u00e0 la r\u00e9alisation concr\u00e8te de vos projets. Il intervient \u00e9galement pour r\u00e9soudre vos probl\u00e8mes et faciliter votre quotidien.","robots":{"index":"index","follow":"follow","max-snippet":"max-snippet:-1","max-image-preview":"max-image-preview:large","max-video-preview":"max-video-preview:-1"},"canonical":"https:\/\/sebmultiservices.com\/index.php\/politique-de-confidentialite\/","og_locale":"fr_FR","og_type":"article","og_title":"Mentions l\u00e9gales &#8211; Seb Multiservices","og_description":"Seb Multiservices, le service \u00e0 domicile sur mesure. Situ\u00e9 en Vend\u00e9e, il vous accompagne de l\u2019\u00e9laboration \u00e0 la r\u00e9alisation concr\u00e8te de vos projets. Il intervient \u00e9galement pour r\u00e9soudre vos probl\u00e8mes et faciliter votre quotidien.","og_url":"https:\/\/sebmultiservices.com\/index.php\/politique-de-confidentialite\/","og_site_name":"Seb Multiservices","article_modified_time":"2021-04-15T13:47:05+00:00","twitter_card":"summary_large_image","twitter_misc":{"Dur\u00e9e de lecture estim\u00e9e":"2 minutes"},"schema":{"@context":"https:\/\/schema.org","@graph":[{"@type":"WebPage","@id":"https:\/\/sebmultiservices.com\/index.php\/politique-de-confidentialite\/","url":"https:\/\/sebmultiservices.com\/index.php\/politique-de-confidentialite\/","name":"Mentions l\u00e9gales &#8211; Seb Multiservices","isPartOf":{"@id":"https:\/\/sebmultiservices.com\/#website"},"datePublished":"2021-03-18T15:44:11+00:00","dateModified":"2021-04-15T13:47:05+00:00","description":"Seb Multiservices, le service \u00e0 domicile sur mesure. Situ\u00e9 en Vend\u00e9e, il vous accompagne de l\u2019\u00e9laboration \u00e0 la r\u00e9alisation concr\u00e8te de vos projets. Il intervient \u00e9galement pour r\u00e9soudre vos probl\u00e8mes et faciliter votre quotidien.","breadcrumb":{"@id":"https:\/\/sebmultiservices.com\/index.php\/politique-de-confidentialite\/#breadcrumb"},"inLanguage":"fr-FR","potentialAction":[{"@type":"ReadAction","target":["https:\/\/sebmultiservices.com\/index.php\/politique-de-confidentialite\/"]}]},{"@type":"BreadcrumbList","@id":"https:\/\/sebmultiservices.com\/index.php\/politique-de-confidentialite\/#breadcrumb","itemListElement":[{"@type":"ListItem","position":1,"name":"Accueil","item":"https:\/\/sebmultiservices.com\/"},{"@type":"ListItem","position":2,"name":"Mentions l\u00e9gales"}]},{"@type":"WebSite","@id":"https:\/\/sebmultiservices.com\/#website","url":"https:\/\/sebmultiservices.com\/","name":"Seb Multiservices","description":"Le service \u00e0 domicile sur-mesure !","publisher":{"@id":"https:\/\/sebmultiservices.com\/#organization"},"potentialAction":[{"@type":"SearchAction","target":{"@type":"EntryPoint","urlTemplate":"https:\/\/sebmultiservices.com\/?s={search_term_string}"},"query-input":{"@type":"PropertyValueSpecification","valueRequired":true,"valueName":"search_term_string"}}],"inLanguage":"fr-FR"},{"@type":"Organization","@id":"https:\/\/sebmultiservices.com\/#organization","name":"Seb Multiservices","url":"https:\/\/sebmultiservices.com\/","logo":{"@type":"ImageObject","inLanguage":"fr-FR","@id":"https:\/\/sebmultiservices.com\/#\/schema\/logo\/image\/","url":"https:\/\/sebmultiservices.com\/wp-content\/uploads\/2021\/03\/cropped-Logo-devant-t-shirt-6.jpg","contentUrl":"https:\/\/sebmultiservices.com\/wp-content\/uploads\/2021\/03\/cropped-Logo-devant-t-shirt-6.jpg","width":804,"height":326,"caption":"Seb Multiservices"},"image":{"@id":"https:\/\/sebmultiservices.com\/#\/schema\/logo\/image\/"}}]}},"jetpack_sharing_enabled":true,"_links":{"self":[{"href":"https:\/\/sebmultiservices.com\/index.php\/wp-json\/wp\/v2\/pages\/3"}],"collection":[{"href":"https:\/\/sebmultiservices.com\/index.php\/wp-json\/wp\/v2\/pages"}],"about":[{"href":"https:\/\/sebmultiservices.com\/index.php\/wp-json\/wp\/v2\/types\/page"}],"author":[{"embeddable":true,"href":"https:\/\/sebmultiservices.com\/index.php\/wp-json\/wp\/v2\/users\/1"}],"replies":[{"embeddable":true,"href":"https:\/\/sebmultiservices.com\/index.php\/wp-json\/wp\/v2\/comments?post=3"}],"version-history":[{"count":2,"href":"https:\/\/sebmultiservices.com\/index.php\/wp-json\/wp\/v2\/pages\/3\/revisions"}],"predecessor-version":[{"id":602,"href":"https:\/\/sebmultiservices.com\/index.php\/wp-json\/wp\/v2\/pages\/3\/revisions\/602"}],"wp:attachment":[{"href":"https:\/\/sebmultiservices.com\/index.php\/wp-json\/wp\/v2\/media?parent=3"}],"curies":[{"name":"wp","href":"https:\/\/api.w.org\/{rel}","templated":true}]}}