{"id":308,"date":"2021-04-01T16:33:15","date_gmt":"2021-04-01T14:33:15","guid":{"rendered":"http:\/\/sebmultiservices.com\/index.php\/apprenez-a-me-connaitre-espanol\/"},"modified":"2021-05-06T17:40:25","modified_gmt":"2021-05-06T15:40:25","slug":"bienvenido-sebmutilservices","status":"publish","type":"page","link":"https:\/\/sebmultiservices.com\/index.php\/es\/bienvenido-sebmutilservices\/","title":{"rendered":"Bienvenido"},"content":{"rendered":"\n<br>\n\n\n\n<p class=\"has-text-align-center has-white-color has-text-color has-background has-medium-font-size\" style=\"background-color:#00adeb\"><strong>\u00ab\u00a0Seb Multiservices, el servicio a domicilio a medida.\u00a0\u00bb<\/strong><\/p>\n\n\n\n<p class=\"has-text-align-center\"><strong>Ubicado en Vend\u00e9e, cuido sus proyectos desde su elaboraci\u00f3n hasta su realizaci\u00f3n concreta. Tambi\u00e9n intervengo para resolver sus problemas y facilitar su vida cotidiana<\/strong>.<\/p>\n\n\n\n<br>\n\n\n\n<br>\n\n\n\n<br>\n\n\n\n<div class=\"wp-block-group is-layout-flow wp-block-group-is-layout-flow\"><div class=\"wp-block-group__inner-container\"><\/div><\/div>\n\n\n\n<div class=\"wp-block-group\"><div class=\"wp-block-group__inner-container is-layout-flow wp-block-group-is-layout-flow\">\n<div class=\"wp-block-columns is-layout-flex wp-container-core-columns-is-layout-1 wp-block-columns-is-layout-flex\">\n<div class=\"wp-block-column is-layout-flow wp-block-column-is-layout-flow\">\n<div class=\"wp-block-image is-style-rounded\"><figure class=\"aligncenter size-large is-resized\"><img data-recalc-dims=\"1\" loading=\"lazy\" decoding=\"async\" src=\"https:\/\/i0.wp.com\/sebmultiservices.com\/wp-content\/uploads\/2021\/03\/IMG_4218-1.jpg?resize=284%2C378&#038;ssl=1\" alt=\"\" class=\"wp-image-155\" width=\"284\" height=\"378\" srcset=\"https:\/\/i0.wp.com\/sebmultiservices.com\/wp-content\/uploads\/2021\/03\/IMG_4218-1-rotated.jpg?resize=768%2C1024&amp;ssl=1 768w, https:\/\/i0.wp.com\/sebmultiservices.com\/wp-content\/uploads\/2021\/03\/IMG_4218-1-rotated.jpg?resize=225%2C300&amp;ssl=1 225w, https:\/\/i0.wp.com\/sebmultiservices.com\/wp-content\/uploads\/2021\/03\/IMG_4218-1-rotated.jpg?w=960&amp;ssl=1 960w\" sizes=\"(max-width: 284px) 100vw, 284px\" \/><\/figure><\/div>\n\n\n\n<br>\n\n\n\n<p class=\"has-text-align-center\"><span class=\"has-inline-color has-vivid-cyan-blue-color\">Se\u00f1or S\u00e9bastien D\u00f4<\/span><\/p>\n<\/div>\n\n\n\n<div class=\"wp-block-column is-layout-flow wp-block-column-is-layout-flow\">\n<h2 class=\"has-text-align-center has-text-color wp-block-heading\" style=\"color:#00adeb\">Puede aprender a conocerme<\/h2>\n\n\n\n<p class=\"has-text-align-center\" style=\"font-size:18px\">Trabajador aut\u00f3nomo durante 5 a\u00f1os. Ofrezco mis servicios en todas las categor\u00edas. Instalaci\u00f3n de cocinas, mantenimiento de ordenadores e instalaci\u00f3n de internet, reparaci\u00f3n de tel\u00e9fonos m\u00f3viles y\/o tabletas, pintura, decoraci\u00f3n de interiores, jardiner\u00eda, retirada de tejados o fachadas y\/o pavimentaci\u00f3n, reparaci\u00f3n de electrodom\u00e9sticos, montaje de muebles y mucho m\u00e1s.<\/p>\n<\/div>\n<\/div>\n<\/div><\/div>\n\n\n\n<br>\n\n\n\n<br>\n\n\n\n<div class=\"wp-block-image\"><figure class=\"aligncenter size-large\"><img data-recalc-dims=\"1\" loading=\"lazy\" decoding=\"async\" width=\"725\" height=\"1024\" src=\"https:\/\/i0.wp.com\/sebmultiservices.com\/wp-content\/uploads\/2021\/03\/Capture-decran-2021-03-27-a-21.13.04.png?resize=725%2C1024&#038;ssl=1\" alt=\"\" class=\"wp-image-149\" srcset=\"https:\/\/i0.wp.com\/sebmultiservices.com\/wp-content\/uploads\/2021\/03\/Capture-decran-2021-03-27-a-21.13.04.png?resize=725%2C1024&amp;ssl=1 725w, https:\/\/i0.wp.com\/sebmultiservices.com\/wp-content\/uploads\/2021\/03\/Capture-decran-2021-03-27-a-21.13.04.png?resize=212%2C300&amp;ssl=1 212w, https:\/\/i0.wp.com\/sebmultiservices.com\/wp-content\/uploads\/2021\/03\/Capture-decran-2021-03-27-a-21.13.04.png?resize=768%2C1085&amp;ssl=1 768w, https:\/\/i0.wp.com\/sebmultiservices.com\/wp-content\/uploads\/2021\/03\/Capture-decran-2021-03-27-a-21.13.04.png?w=1042&amp;ssl=1 1042w\" sizes=\"(max-width: 725px) 100vw, 725px\" \/><figcaption><strong><strong><strong>Seb Multiservices, el servicio a domicilio a medida<\/strong><\/strong><\/strong> !<\/figcaption><\/figure><\/div>\n","protected":false},"excerpt":{"rendered":"<p>\u00ab\u00a0Seb Multiservices, el servicio a domicilio a medida.\u00a0\u00bb Ubicado en Vend\u00e9e, cuido sus proyectos desde su elaboraci\u00f3n hasta su realizaci\u00f3n &hellip; <\/p>\n","protected":false},"author":3,"featured_media":0,"parent":0,"menu_order":0,"comment_status":"closed","ping_status":"closed","template":"","meta":{"footnotes":""},"yoast_head":"<!-- This site is optimized with the Yoast SEO plugin v24.5 - https:\/\/yoast.com\/wordpress\/plugins\/seo\/ -->\n<title>Bienvenido &#8211; Seb Multiservices<\/title>\n<meta name=\"description\" content=\"Seb Multiservices, el servicio a domicilio a medida! Ubicado enVend\u00e9e, cuido sus proyectos desde su elaboraci\u00f3n hasta su realizaci\u00f3n concreta. Tambi\u00e9n intervengo para resolver sus problemas y facilitar su vida cotidiana\" \/>\n<meta name=\"robots\" content=\"index, follow, max-snippet:-1, max-image-preview:large, max-video-preview:-1\" \/>\n<link rel=\"canonical\" href=\"https:\/\/sebmultiservices.com\/index.php\/es\/bienvenido-sebmutilservices\/\" \/>\n<meta property=\"og:locale\" content=\"fr_FR\" \/>\n<meta property=\"og:type\" content=\"article\" \/>\n<meta property=\"og:title\" content=\"Bienvenido &#8211; Seb Multiservices\" \/>\n<meta property=\"og:description\" content=\"Seb Multiservices, el servicio a domicilio a medida! Ubicado enVend\u00e9e, cuido sus proyectos desde su elaboraci\u00f3n hasta su realizaci\u00f3n concreta. Tambi\u00e9n intervengo para resolver sus problemas y facilitar su vida cotidiana\" \/>\n<meta property=\"og:url\" content=\"https:\/\/sebmultiservices.com\/index.php\/es\/bienvenido-sebmutilservices\/\" \/>\n<meta property=\"og:site_name\" content=\"Seb Multiservices\" \/>\n<meta property=\"article:modified_time\" content=\"2021-05-06T15:40:25+00:00\" \/>\n<meta property=\"og:image\" content=\"http:\/\/sebmultiservices.com\/wp-content\/uploads\/2021\/03\/IMG_4218-1-768x1024.jpg\" \/>\n<meta name=\"twitter:card\" content=\"summary_large_image\" \/>\n<meta name=\"twitter:label1\" content=\"Dur\u00e9e de lecture estim\u00e9e\" \/>\n\t<meta name=\"twitter:data1\" content=\"1 minute\" \/>\n<script type=\"application\/ld+json\" class=\"yoast-schema-graph\">{\"@context\":\"https:\/\/schema.org\",\"@graph\":[{\"@type\":\"WebPage\",\"@id\":\"https:\/\/sebmultiservices.com\/index.php\/es\/bienvenido-sebmutilservices\/\",\"url\":\"https:\/\/sebmultiservices.com\/index.php\/es\/bienvenido-sebmutilservices\/\",\"name\":\"Bienvenido &#8211; Seb Multiservices\",\"isPartOf\":{\"@id\":\"https:\/\/sebmultiservices.com\/#website\"},\"primaryImageOfPage\":{\"@id\":\"https:\/\/sebmultiservices.com\/index.php\/es\/bienvenido-sebmutilservices\/#primaryimage\"},\"image\":{\"@id\":\"https:\/\/sebmultiservices.com\/index.php\/es\/bienvenido-sebmutilservices\/#primaryimage\"},\"thumbnailUrl\":\"http:\/\/sebmultiservices.com\/wp-content\/uploads\/2021\/03\/IMG_4218-1-768x1024.jpg\",\"datePublished\":\"2021-04-01T14:33:15+00:00\",\"dateModified\":\"2021-05-06T15:40:25+00:00\",\"description\":\"Seb Multiservices, el servicio a domicilio a medida! Ubicado enVend\u00e9e, cuido sus proyectos desde su elaboraci\u00f3n hasta su realizaci\u00f3n concreta. Tambi\u00e9n intervengo para resolver sus problemas y facilitar su vida cotidiana\",\"breadcrumb\":{\"@id\":\"https:\/\/sebmultiservices.com\/index.php\/es\/bienvenido-sebmutilservices\/#breadcrumb\"},\"inLanguage\":\"fr-FR\",\"potentialAction\":[{\"@type\":\"ReadAction\",\"target\":[\"https:\/\/sebmultiservices.com\/index.php\/es\/bienvenido-sebmutilservices\/\"]}]},{\"@type\":\"ImageObject\",\"inLanguage\":\"fr-FR\",\"@id\":\"https:\/\/sebmultiservices.com\/index.php\/es\/bienvenido-sebmutilservices\/#primaryimage\",\"url\":\"http:\/\/sebmultiservices.com\/wp-content\/uploads\/2021\/03\/IMG_4218-1-768x1024.jpg\",\"contentUrl\":\"http:\/\/sebmultiservices.com\/wp-content\/uploads\/2021\/03\/IMG_4218-1-768x1024.jpg\"},{\"@type\":\"BreadcrumbList\",\"@id\":\"https:\/\/sebmultiservices.com\/index.php\/es\/bienvenido-sebmutilservices\/#breadcrumb\",\"itemListElement\":[{\"@type\":\"ListItem\",\"position\":1,\"name\":\"Accueil\",\"item\":\"https:\/\/sebmultiservices.com\/\"},{\"@type\":\"ListItem\",\"position\":2,\"name\":\"Bienvenido\"}]},{\"@type\":\"WebSite\",\"@id\":\"https:\/\/sebmultiservices.com\/#website\",\"url\":\"https:\/\/sebmultiservices.com\/\",\"name\":\"Seb Multiservices\",\"description\":\"Le service \u00e0 domicile sur-mesure !\",\"publisher\":{\"@id\":\"https:\/\/sebmultiservices.com\/#organization\"},\"potentialAction\":[{\"@type\":\"SearchAction\",\"target\":{\"@type\":\"EntryPoint\",\"urlTemplate\":\"https:\/\/sebmultiservices.com\/?s={search_term_string}\"},\"query-input\":{\"@type\":\"PropertyValueSpecification\",\"valueRequired\":true,\"valueName\":\"search_term_string\"}}],\"inLanguage\":\"fr-FR\"},{\"@type\":\"Organization\",\"@id\":\"https:\/\/sebmultiservices.com\/#organization\",\"name\":\"Seb Multiservices\",\"url\":\"https:\/\/sebmultiservices.com\/\",\"logo\":{\"@type\":\"ImageObject\",\"inLanguage\":\"fr-FR\",\"@id\":\"https:\/\/sebmultiservices.com\/#\/schema\/logo\/image\/\",\"url\":\"https:\/\/sebmultiservices.com\/wp-content\/uploads\/2021\/03\/cropped-Logo-devant-t-shirt-6.jpg\",\"contentUrl\":\"https:\/\/sebmultiservices.com\/wp-content\/uploads\/2021\/03\/cropped-Logo-devant-t-shirt-6.jpg\",\"width\":804,\"height\":326,\"caption\":\"Seb Multiservices\"},\"image\":{\"@id\":\"https:\/\/sebmultiservices.com\/#\/schema\/logo\/image\/\"}}]}<\/script>\n<!-- \/ Yoast SEO plugin. -->","yoast_head_json":{"title":"Bienvenido &#8211; Seb Multiservices","description":"Seb Multiservices, el servicio a domicilio a medida! Ubicado enVend\u00e9e, cuido sus proyectos desde su elaboraci\u00f3n hasta su realizaci\u00f3n concreta. Tambi\u00e9n intervengo para resolver sus problemas y facilitar su vida cotidiana","robots":{"index":"index","follow":"follow","max-snippet":"max-snippet:-1","max-image-preview":"max-image-preview:large","max-video-preview":"max-video-preview:-1"},"canonical":"https:\/\/sebmultiservices.com\/index.php\/es\/bienvenido-sebmutilservices\/","og_locale":"fr_FR","og_type":"article","og_title":"Bienvenido &#8211; Seb Multiservices","og_description":"Seb Multiservices, el servicio a domicilio a medida! Ubicado enVend\u00e9e, cuido sus proyectos desde su elaboraci\u00f3n hasta su realizaci\u00f3n concreta. Tambi\u00e9n intervengo para resolver sus problemas y facilitar su vida cotidiana","og_url":"https:\/\/sebmultiservices.com\/index.php\/es\/bienvenido-sebmutilservices\/","og_site_name":"Seb Multiservices","article_modified_time":"2021-05-06T15:40:25+00:00","og_image":[{"url":"http:\/\/sebmultiservices.com\/wp-content\/uploads\/2021\/03\/IMG_4218-1-768x1024.jpg","type":"","width":"","height":""}],"twitter_card":"summary_large_image","twitter_misc":{"Dur\u00e9e de lecture estim\u00e9e":"1 minute"},"schema":{"@context":"https:\/\/schema.org","@graph":[{"@type":"WebPage","@id":"https:\/\/sebmultiservices.com\/index.php\/es\/bienvenido-sebmutilservices\/","url":"https:\/\/sebmultiservices.com\/index.php\/es\/bienvenido-sebmutilservices\/","name":"Bienvenido &#8211; Seb Multiservices","isPartOf":{"@id":"https:\/\/sebmultiservices.com\/#website"},"primaryImageOfPage":{"@id":"https:\/\/sebmultiservices.com\/index.php\/es\/bienvenido-sebmutilservices\/#primaryimage"},"image":{"@id":"https:\/\/sebmultiservices.com\/index.php\/es\/bienvenido-sebmutilservices\/#primaryimage"},"thumbnailUrl":"http:\/\/sebmultiservices.com\/wp-content\/uploads\/2021\/03\/IMG_4218-1-768x1024.jpg","datePublished":"2021-04-01T14:33:15+00:00","dateModified":"2021-05-06T15:40:25+00:00","description":"Seb Multiservices, el servicio a domicilio a medida! Ubicado enVend\u00e9e, cuido sus proyectos desde su elaboraci\u00f3n hasta su realizaci\u00f3n concreta. Tambi\u00e9n intervengo para resolver sus problemas y facilitar su vida cotidiana","breadcrumb":{"@id":"https:\/\/sebmultiservices.com\/index.php\/es\/bienvenido-sebmutilservices\/#breadcrumb"},"inLanguage":"fr-FR","potentialAction":[{"@type":"ReadAction","target":["https:\/\/sebmultiservices.com\/index.php\/es\/bienvenido-sebmutilservices\/"]}]},{"@type":"ImageObject","inLanguage":"fr-FR","@id":"https:\/\/sebmultiservices.com\/index.php\/es\/bienvenido-sebmutilservices\/#primaryimage","url":"http:\/\/sebmultiservices.com\/wp-content\/uploads\/2021\/03\/IMG_4218-1-768x1024.jpg","contentUrl":"http:\/\/sebmultiservices.com\/wp-content\/uploads\/2021\/03\/IMG_4218-1-768x1024.jpg"},{"@type":"BreadcrumbList","@id":"https:\/\/sebmultiservices.com\/index.php\/es\/bienvenido-sebmutilservices\/#breadcrumb","itemListElement":[{"@type":"ListItem","position":1,"name":"Accueil","item":"https:\/\/sebmultiservices.com\/"},{"@type":"ListItem","position":2,"name":"Bienvenido"}]},{"@type":"WebSite","@id":"https:\/\/sebmultiservices.com\/#website","url":"https:\/\/sebmultiservices.com\/","name":"Seb Multiservices","description":"Le service \u00e0 domicile sur-mesure !","publisher":{"@id":"https:\/\/sebmultiservices.com\/#organization"},"potentialAction":[{"@type":"SearchAction","target":{"@type":"EntryPoint","urlTemplate":"https:\/\/sebmultiservices.com\/?s={search_term_string}"},"query-input":{"@type":"PropertyValueSpecification","valueRequired":true,"valueName":"search_term_string"}}],"inLanguage":"fr-FR"},{"@type":"Organization","@id":"https:\/\/sebmultiservices.com\/#organization","name":"Seb Multiservices","url":"https:\/\/sebmultiservices.com\/","logo":{"@type":"ImageObject","inLanguage":"fr-FR","@id":"https:\/\/sebmultiservices.com\/#\/schema\/logo\/image\/","url":"https:\/\/sebmultiservices.com\/wp-content\/uploads\/2021\/03\/cropped-Logo-devant-t-shirt-6.jpg","contentUrl":"https:\/\/sebmultiservices.com\/wp-content\/uploads\/2021\/03\/cropped-Logo-devant-t-shirt-6.jpg","width":804,"height":326,"caption":"Seb Multiservices"},"image":{"@id":"https:\/\/sebmultiservices.com\/#\/schema\/logo\/image\/"}}]}},"jetpack_sharing_enabled":true,"_links":{"self":[{"href":"https:\/\/sebmultiservices.com\/index.php\/wp-json\/wp\/v2\/pages\/308"}],"collection":[{"href":"https:\/\/sebmultiservices.com\/index.php\/wp-json\/wp\/v2\/pages"}],"about":[{"href":"https:\/\/sebmultiservices.com\/index.php\/wp-json\/wp\/v2\/types\/page"}],"author":[{"embeddable":true,"href":"https:\/\/sebmultiservices.com\/index.php\/wp-json\/wp\/v2\/users\/3"}],"replies":[{"embeddable":true,"href":"https:\/\/sebmultiservices.com\/index.php\/wp-json\/wp\/v2\/comments?post=308"}],"version-history":[{"count":11,"href":"https:\/\/sebmultiservices.com\/index.php\/wp-json\/wp\/v2\/pages\/308\/revisions"}],"predecessor-version":[{"id":957,"href":"https:\/\/sebmultiservices.com\/index.php\/wp-json\/wp\/v2\/pages\/308\/revisions\/957"}],"wp:attachment":[{"href":"https:\/\/sebmultiservices.com\/index.php\/wp-json\/wp\/v2\/media?parent=308"}],"curies":[{"name":"wp","href":"https:\/\/api.w.org\/{rel}","templated":true}]}}