{"id":38,"date":"2021-03-18T17:16:02","date_gmt":"2021-03-18T16:16:02","guid":{"rendered":"http:\/\/sebmultiservices.com\/?page_id=38"},"modified":"2024-09-06T10:51:27","modified_gmt":"2024-09-06T08:51:27","slug":"seb-multiservices-le-service-a-domicile-sur-mesure","status":"publish","type":"page","link":"https:\/\/sebmultiservices.com\/","title":{"rendered":"Accueil"},"content":{"rendered":"\n<div class=\"wp-block-group alignwide\"><div class=\"wp-block-group__inner-container is-layout-flow wp-block-group-is-layout-flow\">\n<p class=\"has-text-align-center has-white-color has-text-color has-background has-medium-font-size\" style=\"background-color:#00adeb\"><strong>\u00ab\u00a0Seb Multiservices, le service \u00e0 domicile sur-mesure !\u00a0\u00bb <\/strong><\/p>\n\n\n\n<p class=\"has-text-align-center has-medium-font-size\"><strong>Situ\u00e9 en Vend\u00e9e, je vous accompagne de l\u2019\u00e9laboration \u00e0 la r\u00e9alisation concr\u00e8te de vos projets. J&rsquo;interviens \u00e9galement pour r\u00e9soudre vos probl\u00e8mes et faciliter votre quotidien.<\/strong><\/p>\n<\/div><\/div>\n\n\n\n<br>\n\n\n\n<br>\n\n\n\n<div class=\"wp-block-columns alignwide is-layout-flex wp-container-core-columns-is-layout-1 wp-block-columns-is-layout-flex\">\n<div class=\"wp-block-column is-layout-flow wp-block-column-is-layout-flow\">\n<div class=\"wp-block-group\"><div class=\"wp-block-group__inner-container is-layout-flow wp-block-group-is-layout-flow\">\n<div class=\"wp-block-group\"><div class=\"wp-block-group__inner-container is-layout-flow wp-block-group-is-layout-flow\"><div class=\"wp-block-image is-style-rounded\">\n<figure class=\"aligncenter size-large\"><img data-recalc-dims=\"1\" loading=\"lazy\" decoding=\"async\" width=\"847\" height=\"635\" src=\"https:\/\/i0.wp.com\/sebmultiservices.com\/wp-content\/uploads\/2022\/02\/Photo-camion.jpg?resize=847%2C635&#038;ssl=1\" alt=\"Seb Multiservices, le service \u00e0 domicile sur-mesure !\" class=\"wp-image-1060\" title=\"Photo du fondateur de l'entreprise\" srcset=\"https:\/\/i0.wp.com\/sebmultiservices.com\/wp-content\/uploads\/2022\/02\/Photo-camion-scaled.jpg?resize=1024%2C768&amp;ssl=1 1024w, https:\/\/i0.wp.com\/sebmultiservices.com\/wp-content\/uploads\/2022\/02\/Photo-camion-scaled.jpg?resize=300%2C225&amp;ssl=1 300w, https:\/\/i0.wp.com\/sebmultiservices.com\/wp-content\/uploads\/2022\/02\/Photo-camion-scaled.jpg?resize=768%2C576&amp;ssl=1 768w, https:\/\/i0.wp.com\/sebmultiservices.com\/wp-content\/uploads\/2022\/02\/Photo-camion-scaled.jpg?resize=1536%2C1152&amp;ssl=1 1536w, https:\/\/i0.wp.com\/sebmultiservices.com\/wp-content\/uploads\/2022\/02\/Photo-camion-scaled.jpg?resize=2048%2C1536&amp;ssl=1 2048w, https:\/\/i0.wp.com\/sebmultiservices.com\/wp-content\/uploads\/2022\/02\/Photo-camion-scaled.jpg?w=1694&amp;ssl=1 1694w, https:\/\/i0.wp.com\/sebmultiservices.com\/wp-content\/uploads\/2022\/02\/Photo-camion-scaled.jpg?w=2541&amp;ssl=1 2541w\" sizes=\"(max-width: 847px) 100vw, 847px\" \/><\/figure><\/div><\/div><\/div>\n<\/div><\/div>\n\n\n\n<div class=\"wp-block-group\"><div class=\"wp-block-group__inner-container is-layout-flow wp-block-group-is-layout-flow\">\n<p class=\"has-text-align-center\"><\/p>\n<\/div><\/div>\n\n\n\n<br>\n<\/div>\n\n\n\n<div class=\"wp-block-column is-layout-flow wp-block-column-is-layout-flow\">\n<div class=\"wp-block-group\"><div class=\"wp-block-group__inner-container is-layout-flow wp-block-group-is-layout-flow\">\n<br>\n<\/div><\/div>\n\n\n\n<div class=\"wp-block-group\"><div class=\"wp-block-group__inner-container is-layout-flow wp-block-group-is-layout-flow\">\n<div class=\"wp-block-group\"><div class=\"wp-block-group__inner-container is-layout-flow wp-block-group-is-layout-flow\">\n<h2 class=\"wp-block-heading has-text-align-center has-vivid-cyan-blue-color has-text-color\" style=\"font-size:30px\">Apprenez \u00e0 me conna\u00eetre<\/h2>\n\n\n\n<br>\n\n\n\n<p class=\"has-text-align-center\" style=\"font-size:22px\">Auto-entrepreneur depuis d\u00e9cembre 2015, Je vous propose mes services dans tous les domaines. <strong>Pose de cuisine \u00e9quip\u00e9e<\/strong>, <strong>peinture<\/strong>, d\u00e9coration int\u00e9rieur, jardinage, <strong>montage de mobilier<\/strong>, d\u00e9moussage de toiture ou fa\u00e7ade et\/ou dallage, maintenance informatique et installation internet, r\u00e9paration de t\u00e9l\u00e9phone mobile et\/ou tablette, r\u00e9paration d&rsquo;\u00e9lectrom\u00e9nager et beaucoup d&rsquo;autres encore.<\/p>\n\n\n\n<p><\/p>\n\n\n\n<p>N&rsquo;h\u00e9sitez pas \u00e0 me contacter si vous avez des questions <a href=\"https:\/\/sebmultiservices.com\/index.php\/me-contacter\/\">ici<\/a><\/p>\n<\/div><\/div>\n<\/div><\/div>\n\n\n\n<div class=\"wp-block-group\"><div class=\"wp-block-group__inner-container is-layout-flow wp-block-group-is-layout-flow\"><\/div><\/div>\n\n\n\n<div class=\"wp-block-group\"><div class=\"wp-block-group__inner-container is-layout-flow wp-block-group-is-layout-flow\">\n<h2 class=\"wp-block-heading has-text-align-center has-vivid-cyan-blue-color has-text-color\" style=\"font-size:30px\">Mon partenaire de S\u00e9curit\u00e9 Routi\u00e8re<\/h2>\n\n\n\n<br>\n\n\n\n<p class=\"has-text-align-center\" style=\"font-size:22px\">Dans le cadre de mes d\u00e9placements professionnels, mon partenaire, sp\u00e9cialiste de la S\u00e9curit\u00e9 Routi\u00e8re <a href=\"http:\/\/www.vendeeformations.fr\" target=\"_blank\" rel=\"noreferrer noopener\">www.vendeeformations.fr<\/a> est \u00e0 mes cot\u00e9s pour <strong>m&rsquo;aider \u00e0 conserver mes points de permis de conduire<\/strong>.<\/p>\n<\/div><\/div>\n<\/div>\n<\/div>\n\n\n\n<br>\n\n\n\n<p class=\"has-text-align-center\">Mon flyer<\/p>\n\n\n\n<div class=\"wp-block-group alignwide\"><div class=\"wp-block-group__inner-container is-layout-flow wp-block-group-is-layout-flow\"><div class=\"wp-block-image\">\n<figure class=\"aligncenter size-large\"><img data-recalc-dims=\"1\" loading=\"lazy\" decoding=\"async\" width=\"725\" height=\"1024\" src=\"https:\/\/i0.wp.com\/sebmultiservices.com\/wp-content\/uploads\/2021\/03\/Capture-decran-2021-03-27-a-21.13.04.png?resize=725%2C1024&#038;ssl=1\" alt=\"\" class=\"wp-image-149\" srcset=\"https:\/\/i0.wp.com\/sebmultiservices.com\/wp-content\/uploads\/2021\/03\/Capture-decran-2021-03-27-a-21.13.04.png?resize=725%2C1024&amp;ssl=1 725w, https:\/\/i0.wp.com\/sebmultiservices.com\/wp-content\/uploads\/2021\/03\/Capture-decran-2021-03-27-a-21.13.04.png?resize=212%2C300&amp;ssl=1 212w, https:\/\/i0.wp.com\/sebmultiservices.com\/wp-content\/uploads\/2021\/03\/Capture-decran-2021-03-27-a-21.13.04.png?resize=768%2C1085&amp;ssl=1 768w, https:\/\/i0.wp.com\/sebmultiservices.com\/wp-content\/uploads\/2021\/03\/Capture-decran-2021-03-27-a-21.13.04.png?w=1042&amp;ssl=1 1042w\" sizes=\"(max-width: 725px) 100vw, 725px\" \/><figcaption class=\"wp-element-caption\"><strong>Seb Multiservices, le service \u00e0 domicile sur-mesure !<\/strong><\/figcaption><\/figure><\/div><\/div><\/div>\n\n\n\n<div class=\"wp-block-group\"><div class=\"wp-block-group__inner-container is-layout-flow wp-block-group-is-layout-flow\">\n<div class=\"wp-block-columns is-layout-flex wp-container-core-columns-is-layout-2 wp-block-columns-is-layout-flex\">\n<div class=\"wp-block-column is-layout-flow wp-block-column-is-layout-flow\" style=\"flex-basis:100%\">\n<div class=\"wp-block-group\"><div class=\"wp-block-group__inner-container is-layout-flow wp-block-group-is-layout-flow\">\n<div class=\"wp-block-media-text alignwide is-stacked-on-mobile\" style=\"grid-template-columns:35% auto\"><figure class=\"wp-block-media-text__media\"><img data-recalc-dims=\"1\" loading=\"lazy\" decoding=\"async\" width=\"253\" height=\"60\" src=\"https:\/\/i0.wp.com\/sebmultiservices.com\/wp-content\/uploads\/2021\/04\/logo-need-help.png?resize=253%2C60&#038;ssl=1\" alt=\"\" class=\"wp-image-585 size-full\"\/><\/figure><div class=\"wp-block-media-text__content\">\n<figure class=\"wp-block-image size-large\"><img data-recalc-dims=\"1\" loading=\"lazy\" decoding=\"async\" width=\"603\" height=\"577\" src=\"https:\/\/i0.wp.com\/sebmultiservices.com\/wp-content\/uploads\/2021\/04\/Capture.png?resize=603%2C577&#038;ssl=1\" alt=\"\" class=\"wp-image-586\" srcset=\"https:\/\/i0.wp.com\/sebmultiservices.com\/wp-content\/uploads\/2021\/04\/Capture.png?w=603&amp;ssl=1 603w, https:\/\/i0.wp.com\/sebmultiservices.com\/wp-content\/uploads\/2021\/04\/Capture.png?resize=300%2C287&amp;ssl=1 300w\" sizes=\"(max-width: 603px) 100vw, 603px\" \/><\/figure>\n\n\n\n<p>Voici certains avis post\u00e9s sur mon compte <span class=\"has-inline-color has-vivid-cyan-blue-color\">need<\/span><span style=\"color:#1ad100\" class=\"has-inline-color\">help<\/span> suite \u00e0 la r\u00e9alisation de travaux chez des particuliers.<\/p>\n<\/div><\/div>\n<\/div><\/div>\n\n\n\n<div style=\"height:100px\" aria-hidden=\"true\" class=\"wp-block-spacer\"><\/div>\n\n\n\n<div class=\"wp-block-buttons is-horizontal is-content-justification-center is-layout-flex wp-container-core-buttons-is-layout-1 wp-block-buttons-is-layout-flex\">\n<div class=\"wp-block-button has-custom-width wp-block-button__width-50 is-style-fill\"><a class=\"wp-block-button__link has-white-color has-vivid-cyan-blue-background-color has-text-color has-background wp-element-button\" href=\"https:\/\/www.needhelp.com\/profilPublic?num=46221\" style=\"border-radius:25px\" target=\"_blank\" rel=\"noreferrer noopener\">Mon compte<span class=\"has-inline-color has-white-color\"> needhelp<\/span><\/a><\/div>\n<\/div>\n<\/div>\n<\/div>\n<\/div><\/div>\n\n\n\n<p><\/p>\n","protected":false},"excerpt":{"rendered":"<p>\u00ab\u00a0Seb Multiservices, le service \u00e0 domicile sur-mesure !\u00a0\u00bb Situ\u00e9 en Vend\u00e9e, je vous accompagne de l\u2019\u00e9laboration \u00e0 la r\u00e9alisation concr\u00e8te &hellip; <\/p>\n","protected":false},"author":4,"featured_media":0,"parent":0,"menu_order":0,"comment_status":"closed","ping_status":"closed","template":"","meta":{"footnotes":""},"yoast_head":"<!-- This site is optimized with the Yoast SEO plugin v24.5 - https:\/\/yoast.com\/wordpress\/plugins\/seo\/ -->\n<title>Seb Multiservices &#8211; Le service \u00e0 domicile sur-mesure !<\/title>\n<meta name=\"description\" content=\"Seb Multiservices, le service \u00e0 domicile sur-mesure ! Situ\u00e9 en Vend\u00e9e, Je vous accompagne pour \u00e0 la r\u00e9alisation concr\u00e8te de vos travaux.\" \/>\n<meta name=\"robots\" content=\"index, follow, max-snippet:-1, max-image-preview:large, max-video-preview:-1\" \/>\n<link rel=\"canonical\" href=\"https:\/\/sebmultiservices.com\/\" \/>\n<meta property=\"og:locale\" content=\"fr_FR\" \/>\n<meta property=\"og:type\" content=\"article\" \/>\n<meta property=\"og:title\" content=\"Seb Multiservices &#8211; Le service \u00e0 domicile sur-mesure !\" \/>\n<meta property=\"og:description\" content=\"Seb Multiservices, le service \u00e0 domicile sur-mesure ! Situ\u00e9 en Vend\u00e9e, Je vous accompagne pour \u00e0 la r\u00e9alisation concr\u00e8te de vos travaux.\" \/>\n<meta property=\"og:url\" content=\"https:\/\/sebmultiservices.com\/\" \/>\n<meta property=\"og:site_name\" content=\"Seb Multiservices\" \/>\n<meta property=\"article:modified_time\" content=\"2024-09-06T08:51:27+00:00\" \/>\n<meta property=\"og:image\" content=\"https:\/\/sebmultiservices.com\/wp-content\/uploads\/2022\/02\/Photo-camion-1024x768.jpg\" \/>\n<meta name=\"twitter:card\" content=\"summary_large_image\" \/>\n<meta name=\"twitter:label1\" content=\"Dur\u00e9e de lecture estim\u00e9e\" \/>\n\t<meta name=\"twitter:data1\" content=\"2 minutes\" \/>\n<script type=\"application\/ld+json\" class=\"yoast-schema-graph\">{\"@context\":\"https:\/\/schema.org\",\"@graph\":[{\"@type\":\"WebPage\",\"@id\":\"https:\/\/sebmultiservices.com\/\",\"url\":\"https:\/\/sebmultiservices.com\/\",\"name\":\"Seb Multiservices &#8211; Le service \u00e0 domicile sur-mesure !\",\"isPartOf\":{\"@id\":\"https:\/\/sebmultiservices.com\/#website\"},\"primaryImageOfPage\":{\"@id\":\"https:\/\/sebmultiservices.com\/#primaryimage\"},\"image\":{\"@id\":\"https:\/\/sebmultiservices.com\/#primaryimage\"},\"thumbnailUrl\":\"https:\/\/sebmultiservices.com\/wp-content\/uploads\/2022\/02\/Photo-camion-1024x768.jpg\",\"datePublished\":\"2021-03-18T16:16:02+00:00\",\"dateModified\":\"2024-09-06T08:51:27+00:00\",\"description\":\"Seb Multiservices, le service \u00e0 domicile sur-mesure ! Situ\u00e9 en Vend\u00e9e, Je vous accompagne pour \u00e0 la r\u00e9alisation concr\u00e8te de vos travaux.\",\"breadcrumb\":{\"@id\":\"https:\/\/sebmultiservices.com\/#breadcrumb\"},\"inLanguage\":\"fr-FR\",\"potentialAction\":[{\"@type\":\"ReadAction\",\"target\":[\"https:\/\/sebmultiservices.com\/\"]}]},{\"@type\":\"ImageObject\",\"inLanguage\":\"fr-FR\",\"@id\":\"https:\/\/sebmultiservices.com\/#primaryimage\",\"url\":\"https:\/\/i0.wp.com\/sebmultiservices.com\/wp-content\/uploads\/2022\/02\/Photo-camion-scaled.jpg?fit=2560%2C1920&ssl=1\",\"contentUrl\":\"https:\/\/i0.wp.com\/sebmultiservices.com\/wp-content\/uploads\/2022\/02\/Photo-camion-scaled.jpg?fit=2560%2C1920&ssl=1\",\"width\":2560,\"height\":1920,\"caption\":\"Seb Multiservices, le service \u00e0 domicile sur-mesure !\"},{\"@type\":\"BreadcrumbList\",\"@id\":\"https:\/\/sebmultiservices.com\/#breadcrumb\",\"itemListElement\":[{\"@type\":\"ListItem\",\"position\":1,\"name\":\"Accueil\",\"item\":\"https:\/\/sebmultiservices.com\/\"},{\"@type\":\"ListItem\",\"position\":2,\"name\":\"Accueil\"}]},{\"@type\":\"WebSite\",\"@id\":\"https:\/\/sebmultiservices.com\/#website\",\"url\":\"https:\/\/sebmultiservices.com\/\",\"name\":\"Seb Multiservices\",\"description\":\"Le service \u00e0 domicile sur-mesure !\",\"publisher\":{\"@id\":\"https:\/\/sebmultiservices.com\/#organization\"},\"potentialAction\":[{\"@type\":\"SearchAction\",\"target\":{\"@type\":\"EntryPoint\",\"urlTemplate\":\"https:\/\/sebmultiservices.com\/?s={search_term_string}\"},\"query-input\":{\"@type\":\"PropertyValueSpecification\",\"valueRequired\":true,\"valueName\":\"search_term_string\"}}],\"inLanguage\":\"fr-FR\"},{\"@type\":\"Organization\",\"@id\":\"https:\/\/sebmultiservices.com\/#organization\",\"name\":\"Seb Multiservices\",\"url\":\"https:\/\/sebmultiservices.com\/\",\"logo\":{\"@type\":\"ImageObject\",\"inLanguage\":\"fr-FR\",\"@id\":\"https:\/\/sebmultiservices.com\/#\/schema\/logo\/image\/\",\"url\":\"https:\/\/sebmultiservices.com\/wp-content\/uploads\/2021\/03\/cropped-Logo-devant-t-shirt-6.jpg\",\"contentUrl\":\"https:\/\/sebmultiservices.com\/wp-content\/uploads\/2021\/03\/cropped-Logo-devant-t-shirt-6.jpg\",\"width\":804,\"height\":326,\"caption\":\"Seb Multiservices\"},\"image\":{\"@id\":\"https:\/\/sebmultiservices.com\/#\/schema\/logo\/image\/\"}}]}<\/script>\n<!-- \/ Yoast SEO plugin. -->","yoast_head_json":{"title":"Seb Multiservices &#8211; Le service \u00e0 domicile sur-mesure !","description":"Seb Multiservices, le service \u00e0 domicile sur-mesure ! Situ\u00e9 en Vend\u00e9e, Je vous accompagne pour \u00e0 la r\u00e9alisation concr\u00e8te de vos travaux.","robots":{"index":"index","follow":"follow","max-snippet":"max-snippet:-1","max-image-preview":"max-image-preview:large","max-video-preview":"max-video-preview:-1"},"canonical":"https:\/\/sebmultiservices.com\/","og_locale":"fr_FR","og_type":"article","og_title":"Seb Multiservices &#8211; Le service \u00e0 domicile sur-mesure !","og_description":"Seb Multiservices, le service \u00e0 domicile sur-mesure ! Situ\u00e9 en Vend\u00e9e, Je vous accompagne pour \u00e0 la r\u00e9alisation concr\u00e8te de vos travaux.","og_url":"https:\/\/sebmultiservices.com\/","og_site_name":"Seb Multiservices","article_modified_time":"2024-09-06T08:51:27+00:00","og_image":[{"url":"https:\/\/sebmultiservices.com\/wp-content\/uploads\/2022\/02\/Photo-camion-1024x768.jpg","type":"","width":"","height":""}],"twitter_card":"summary_large_image","twitter_misc":{"Dur\u00e9e de lecture estim\u00e9e":"2 minutes"},"schema":{"@context":"https:\/\/schema.org","@graph":[{"@type":"WebPage","@id":"https:\/\/sebmultiservices.com\/","url":"https:\/\/sebmultiservices.com\/","name":"Seb Multiservices &#8211; Le service \u00e0 domicile sur-mesure !","isPartOf":{"@id":"https:\/\/sebmultiservices.com\/#website"},"primaryImageOfPage":{"@id":"https:\/\/sebmultiservices.com\/#primaryimage"},"image":{"@id":"https:\/\/sebmultiservices.com\/#primaryimage"},"thumbnailUrl":"https:\/\/sebmultiservices.com\/wp-content\/uploads\/2022\/02\/Photo-camion-1024x768.jpg","datePublished":"2021-03-18T16:16:02+00:00","dateModified":"2024-09-06T08:51:27+00:00","description":"Seb Multiservices, le service \u00e0 domicile sur-mesure ! Situ\u00e9 en Vend\u00e9e, Je vous accompagne pour \u00e0 la r\u00e9alisation concr\u00e8te de vos travaux.","breadcrumb":{"@id":"https:\/\/sebmultiservices.com\/#breadcrumb"},"inLanguage":"fr-FR","potentialAction":[{"@type":"ReadAction","target":["https:\/\/sebmultiservices.com\/"]}]},{"@type":"ImageObject","inLanguage":"fr-FR","@id":"https:\/\/sebmultiservices.com\/#primaryimage","url":"https:\/\/i0.wp.com\/sebmultiservices.com\/wp-content\/uploads\/2022\/02\/Photo-camion-scaled.jpg?fit=2560%2C1920&ssl=1","contentUrl":"https:\/\/i0.wp.com\/sebmultiservices.com\/wp-content\/uploads\/2022\/02\/Photo-camion-scaled.jpg?fit=2560%2C1920&ssl=1","width":2560,"height":1920,"caption":"Seb Multiservices, le service \u00e0 domicile sur-mesure !"},{"@type":"BreadcrumbList","@id":"https:\/\/sebmultiservices.com\/#breadcrumb","itemListElement":[{"@type":"ListItem","position":1,"name":"Accueil","item":"https:\/\/sebmultiservices.com\/"},{"@type":"ListItem","position":2,"name":"Accueil"}]},{"@type":"WebSite","@id":"https:\/\/sebmultiservices.com\/#website","url":"https:\/\/sebmultiservices.com\/","name":"Seb Multiservices","description":"Le service \u00e0 domicile sur-mesure !","publisher":{"@id":"https:\/\/sebmultiservices.com\/#organization"},"potentialAction":[{"@type":"SearchAction","target":{"@type":"EntryPoint","urlTemplate":"https:\/\/sebmultiservices.com\/?s={search_term_string}"},"query-input":{"@type":"PropertyValueSpecification","valueRequired":true,"valueName":"search_term_string"}}],"inLanguage":"fr-FR"},{"@type":"Organization","@id":"https:\/\/sebmultiservices.com\/#organization","name":"Seb Multiservices","url":"https:\/\/sebmultiservices.com\/","logo":{"@type":"ImageObject","inLanguage":"fr-FR","@id":"https:\/\/sebmultiservices.com\/#\/schema\/logo\/image\/","url":"https:\/\/sebmultiservices.com\/wp-content\/uploads\/2021\/03\/cropped-Logo-devant-t-shirt-6.jpg","contentUrl":"https:\/\/sebmultiservices.com\/wp-content\/uploads\/2021\/03\/cropped-Logo-devant-t-shirt-6.jpg","width":804,"height":326,"caption":"Seb Multiservices"},"image":{"@id":"https:\/\/sebmultiservices.com\/#\/schema\/logo\/image\/"}}]}},"jetpack_sharing_enabled":true,"_links":{"self":[{"href":"https:\/\/sebmultiservices.com\/index.php\/wp-json\/wp\/v2\/pages\/38"}],"collection":[{"href":"https:\/\/sebmultiservices.com\/index.php\/wp-json\/wp\/v2\/pages"}],"about":[{"href":"https:\/\/sebmultiservices.com\/index.php\/wp-json\/wp\/v2\/types\/page"}],"author":[{"embeddable":true,"href":"https:\/\/sebmultiservices.com\/index.php\/wp-json\/wp\/v2\/users\/4"}],"replies":[{"embeddable":true,"href":"https:\/\/sebmultiservices.com\/index.php\/wp-json\/wp\/v2\/comments?post=38"}],"version-history":[{"count":71,"href":"https:\/\/sebmultiservices.com\/index.php\/wp-json\/wp\/v2\/pages\/38\/revisions"}],"predecessor-version":[{"id":1126,"href":"https:\/\/sebmultiservices.com\/index.php\/wp-json\/wp\/v2\/pages\/38\/revisions\/1126"}],"wp:attachment":[{"href":"https:\/\/sebmultiservices.com\/index.php\/wp-json\/wp\/v2\/media?parent=38"}],"curies":[{"name":"wp","href":"https:\/\/api.w.org\/{rel}","templated":true}]}}