{"id":412,"date":"2021-04-03T14:51:46","date_gmt":"2021-04-03T12:51:46","guid":{"rendered":"http:\/\/sebmultiservices.com\/?page_id=412"},"modified":"2021-05-05T19:15:42","modified_gmt":"2021-05-05T17:15:42","slug":"obras-interiores","status":"publish","type":"page","link":"https:\/\/sebmultiservices.com\/index.php\/es\/obras-interiores\/","title":{"rendered":"Obras interiores"},"content":{"rendered":"\n<p class=\"has-text-align-center\">Me har\u00e9 cargo de la realizaci\u00f3n de sus proyectos que puede ser una habitaci\u00f3n o toda la casa.<\/p>\n\n\n\n<br>\n\n\n\n<div class=\"wp-block-columns is-layout-flex wp-container-core-columns-is-layout-1 wp-block-columns-is-layout-flex\">\n<div class=\"wp-block-column is-vertically-aligned-center is-layout-flow wp-block-column-is-layout-flow\">\n<figure class=\"wp-block-image size-medium\"><a href=\"https:\/\/sebmultiservices.com\/index.php\/es\/pintura\/\"><img data-recalc-dims=\"1\" loading=\"lazy\" decoding=\"async\" width=\"300\" height=\"300\" src=\"https:\/\/i0.wp.com\/sebmultiservices.com\/wp-content\/uploads\/2021\/04\/Madeleine-4.png?resize=300%2C300&#038;ssl=1\" alt=\"\" class=\"wp-image-683\" srcset=\"https:\/\/i0.wp.com\/sebmultiservices.com\/wp-content\/uploads\/2021\/04\/Madeleine-4.png?resize=300%2C300&amp;ssl=1 300w, https:\/\/i0.wp.com\/sebmultiservices.com\/wp-content\/uploads\/2021\/04\/Madeleine-4.png?resize=150%2C150&amp;ssl=1 150w, https:\/\/i0.wp.com\/sebmultiservices.com\/wp-content\/uploads\/2021\/04\/Madeleine-4.png?resize=98%2C98&amp;ssl=1 98w, https:\/\/i0.wp.com\/sebmultiservices.com\/wp-content\/uploads\/2021\/04\/Madeleine-4.png?resize=68%2C68&amp;ssl=1 68w, https:\/\/i0.wp.com\/sebmultiservices.com\/wp-content\/uploads\/2021\/04\/Madeleine-4.png?w=500&amp;ssl=1 500w\" sizes=\"(max-width: 300px) 100vw, 300px\" \/><\/a><\/figure>\n\n\n\n<div class=\"wp-block-buttons is-content-justification-center is-layout-flex wp-block-buttons-is-layout-flex\">\n<div class=\"wp-block-button\"><a class=\"wp-block-button__link has-white-color has-text-color has-background\" href=\"https:\/\/sebmultiservices.com\/index.php\/es\/pintura\/\" style=\"background-color:#00adeb\">Pintura<\/a><\/div>\n<\/div>\n<\/div>\n\n\n\n<div class=\"wp-block-column is-vertically-aligned-center is-layout-flow wp-block-column-is-layout-flow\">\n<div class=\"wp-block-image\"><figure class=\"aligncenter size-medium\"><a href=\"https:\/\/sebmultiservices.com\/index.php\/es\/embaldosado-loza-parque\/\"><img data-recalc-dims=\"1\" loading=\"lazy\" decoding=\"async\" width=\"300\" height=\"300\" src=\"https:\/\/i0.wp.com\/sebmultiservices.com\/wp-content\/uploads\/2021\/04\/35050231_1990028744354548_3123523302547521536_n.jpg?resize=300%2C300&#038;ssl=1\" alt=\"\" class=\"wp-image-836\" srcset=\"https:\/\/i0.wp.com\/sebmultiservices.com\/wp-content\/uploads\/2021\/04\/35050231_1990028744354548_3123523302547521536_n.jpg?resize=300%2C300&amp;ssl=1 300w, https:\/\/i0.wp.com\/sebmultiservices.com\/wp-content\/uploads\/2021\/04\/35050231_1990028744354548_3123523302547521536_n.jpg?resize=150%2C150&amp;ssl=1 150w, https:\/\/i0.wp.com\/sebmultiservices.com\/wp-content\/uploads\/2021\/04\/35050231_1990028744354548_3123523302547521536_n.jpg?resize=98%2C98&amp;ssl=1 98w, https:\/\/i0.wp.com\/sebmultiservices.com\/wp-content\/uploads\/2021\/04\/35050231_1990028744354548_3123523302547521536_n.jpg?resize=68%2C68&amp;ssl=1 68w, https:\/\/i0.wp.com\/sebmultiservices.com\/wp-content\/uploads\/2021\/04\/35050231_1990028744354548_3123523302547521536_n.jpg?w=720&amp;ssl=1 720w\" sizes=\"(max-width: 300px) 100vw, 300px\" \/><\/a><\/figure><\/div>\n\n\n\n<div class=\"wp-block-buttons is-content-justification-center is-layout-flex wp-block-buttons-is-layout-flex\">\n<div class=\"wp-block-button\"><a class=\"wp-block-button__link has-white-color has-text-color has-background\" href=\"https:\/\/sebmultiservices.com\/index.php\/es\/embaldosado-loza-parque\/\" style=\"background-color:#00adeb\">Embaldosado-loza-parqu\u00e9<\/a><\/div>\n<\/div>\n<\/div>\n\n\n\n<div class=\"wp-block-column is-vertically-aligned-center is-layout-flow wp-block-column-is-layout-flow\">\n<figure class=\"wp-block-image size-medium\"><a href=\"https:\/\/sebmultiservices.com\/index.php\/es\/electricidad\/\"><img data-recalc-dims=\"1\" loading=\"lazy\" decoding=\"async\" width=\"300\" height=\"300\" src=\"https:\/\/i0.wp.com\/sebmultiservices.com\/wp-content\/uploads\/2021\/04\/Madeleine.png?resize=300%2C300&#038;ssl=1\" alt=\"\" class=\"wp-image-671\" srcset=\"https:\/\/i0.wp.com\/sebmultiservices.com\/wp-content\/uploads\/2021\/04\/Madeleine.png?resize=300%2C300&amp;ssl=1 300w, https:\/\/i0.wp.com\/sebmultiservices.com\/wp-content\/uploads\/2021\/04\/Madeleine.png?resize=150%2C150&amp;ssl=1 150w, https:\/\/i0.wp.com\/sebmultiservices.com\/wp-content\/uploads\/2021\/04\/Madeleine.png?resize=98%2C98&amp;ssl=1 98w, https:\/\/i0.wp.com\/sebmultiservices.com\/wp-content\/uploads\/2021\/04\/Madeleine.png?resize=68%2C68&amp;ssl=1 68w, https:\/\/i0.wp.com\/sebmultiservices.com\/wp-content\/uploads\/2021\/04\/Madeleine.png?w=500&amp;ssl=1 500w\" sizes=\"(max-width: 300px) 100vw, 300px\" \/><\/a><\/figure>\n\n\n\n<div class=\"wp-block-buttons is-content-justification-center is-layout-flex wp-block-buttons-is-layout-flex\">\n<div class=\"wp-block-button\"><a class=\"wp-block-button__link has-white-color has-text-color has-background\" href=\"https:\/\/sebmultiservices.com\/index.php\/es\/electricidad\/\" style=\"background-color:#00adeb\">Electricidad<\/a><\/div>\n<\/div>\n<\/div>\n<\/div>\n\n\n\n<div class=\"wp-block-columns is-layout-flex wp-container-core-columns-is-layout-2 wp-block-columns-is-layout-flex\">\n<div class=\"wp-block-column is-vertically-aligned-center is-layout-flow wp-block-column-is-layout-flow\">\n<div class=\"wp-block-image\"><figure class=\"aligncenter size-medium\"><a href=\"https:\/\/sebmultiservices.com\/index.php\/es\/limpieza-y-mantenimiento-domestico\/\"><img data-recalc-dims=\"1\" loading=\"lazy\" decoding=\"async\" width=\"300\" height=\"300\" src=\"https:\/\/i0.wp.com\/sebmultiservices.com\/wp-content\/uploads\/2021\/04\/2-1.png?resize=300%2C300&#038;ssl=1\" alt=\"\" class=\"wp-image-673\" srcset=\"https:\/\/i0.wp.com\/sebmultiservices.com\/wp-content\/uploads\/2021\/04\/2-1.png?resize=300%2C300&amp;ssl=1 300w, https:\/\/i0.wp.com\/sebmultiservices.com\/wp-content\/uploads\/2021\/04\/2-1.png?resize=150%2C150&amp;ssl=1 150w, https:\/\/i0.wp.com\/sebmultiservices.com\/wp-content\/uploads\/2021\/04\/2-1.png?resize=98%2C98&amp;ssl=1 98w, https:\/\/i0.wp.com\/sebmultiservices.com\/wp-content\/uploads\/2021\/04\/2-1.png?resize=68%2C68&amp;ssl=1 68w, https:\/\/i0.wp.com\/sebmultiservices.com\/wp-content\/uploads\/2021\/04\/2-1.png?w=500&amp;ssl=1 500w\" sizes=\"(max-width: 300px) 100vw, 300px\" \/><\/a><\/figure><\/div>\n\n\n\n<div class=\"wp-block-buttons is-content-justification-center is-layout-flex wp-block-buttons-is-layout-flex\">\n<div class=\"wp-block-button\"><a class=\"wp-block-button__link has-white-color has-text-color has-background\" href=\"https:\/\/sebmultiservices.com\/index.php\/es\/limpieza-y-mantenimiento-domestico\/\" style=\"background-color:#00adeb\">Limpieza y mantenimiento dom\u00e9stico<\/a><\/div>\n<\/div>\n<\/div>\n\n\n\n<div class=\"wp-block-column is-vertically-aligned-center is-layout-flow wp-block-column-is-layout-flow\">\n<div class=\"wp-block-image\"><figure class=\"aligncenter size-medium\"><a href=\"https:\/\/sebmultiservices.com\/index.php\/es\/mantenimiento-informatico-e-instalacion-del-internet\/\"><img data-recalc-dims=\"1\" loading=\"lazy\" decoding=\"async\" width=\"300\" height=\"300\" src=\"https:\/\/i0.wp.com\/sebmultiservices.com\/wp-content\/uploads\/2021\/04\/Madeleine-3-1.png?resize=300%2C300&#038;ssl=1\" alt=\"\" class=\"wp-image-681\" srcset=\"https:\/\/i0.wp.com\/sebmultiservices.com\/wp-content\/uploads\/2021\/04\/Madeleine-3-1.png?resize=300%2C300&amp;ssl=1 300w, https:\/\/i0.wp.com\/sebmultiservices.com\/wp-content\/uploads\/2021\/04\/Madeleine-3-1.png?resize=150%2C150&amp;ssl=1 150w, https:\/\/i0.wp.com\/sebmultiservices.com\/wp-content\/uploads\/2021\/04\/Madeleine-3-1.png?resize=98%2C98&amp;ssl=1 98w, https:\/\/i0.wp.com\/sebmultiservices.com\/wp-content\/uploads\/2021\/04\/Madeleine-3-1.png?resize=68%2C68&amp;ssl=1 68w, https:\/\/i0.wp.com\/sebmultiservices.com\/wp-content\/uploads\/2021\/04\/Madeleine-3-1.png?w=500&amp;ssl=1 500w\" sizes=\"(max-width: 300px) 100vw, 300px\" \/><\/a><\/figure><\/div>\n\n\n\n<div class=\"wp-block-buttons is-content-justification-center is-layout-flex wp-block-buttons-is-layout-flex\">\n<div class=\"wp-block-button\"><a class=\"wp-block-button__link has-white-color has-text-color has-background\" href=\"https:\/\/sebmultiservices.com\/index.php\/es\/mantenimiento-informatico-e-instalacion-del-internet\/\" style=\"background-color:#00adeb\">Mantenimiento inform\u00e1tico e instalaci\u00f3n del Internet <\/a><\/div>\n<\/div>\n<\/div>\n<\/div>\n","protected":false},"excerpt":{"rendered":"<p>Me har\u00e9 cargo de la realizaci\u00f3n de sus proyectos que puede ser una habitaci\u00f3n o toda la casa.<\/p>\n","protected":false},"author":2,"featured_media":0,"parent":0,"menu_order":0,"comment_status":"closed","ping_status":"closed","template":"","meta":{"footnotes":""},"yoast_head":"<!-- This site is optimized with the Yoast SEO plugin v24.5 - https:\/\/yoast.com\/wordpress\/plugins\/seo\/ -->\n<title>Obras interiores &#8211; Seb Multiservices<\/title>\n<meta name=\"description\" content=\"Me encargo de la realizaci\u00f3n de sus nuevos proyectos, ya sea una habitaci\u00f3n de su casa o su renovaci\u00f3n completa.\" \/>\n<meta name=\"robots\" content=\"index, follow, max-snippet:-1, max-image-preview:large, max-video-preview:-1\" \/>\n<link rel=\"canonical\" href=\"https:\/\/sebmultiservices.com\/index.php\/es\/obras-interiores\/\" \/>\n<meta property=\"og:locale\" content=\"fr_FR\" \/>\n<meta property=\"og:type\" content=\"article\" \/>\n<meta property=\"og:title\" content=\"Obras interiores &#8211; Seb Multiservices\" \/>\n<meta property=\"og:description\" content=\"Me encargo de la realizaci\u00f3n de sus nuevos proyectos, ya sea una habitaci\u00f3n de su casa o su renovaci\u00f3n completa.\" \/>\n<meta property=\"og:url\" content=\"https:\/\/sebmultiservices.com\/index.php\/es\/obras-interiores\/\" \/>\n<meta property=\"og:site_name\" content=\"Seb Multiservices\" \/>\n<meta property=\"article:modified_time\" content=\"2021-05-05T17:15:42+00:00\" \/>\n<meta property=\"og:image\" content=\"https:\/\/sebmultiservices.com\/wp-content\/uploads\/2021\/04\/Madeleine-4-300x300.png\" \/>\n<meta name=\"twitter:card\" content=\"summary_large_image\" \/>\n<meta name=\"twitter:label1\" content=\"Dur\u00e9e de lecture estim\u00e9e\" \/>\n\t<meta name=\"twitter:data1\" content=\"2 minutes\" \/>\n<script type=\"application\/ld+json\" class=\"yoast-schema-graph\">{\"@context\":\"https:\/\/schema.org\",\"@graph\":[{\"@type\":\"WebPage\",\"@id\":\"https:\/\/sebmultiservices.com\/index.php\/es\/obras-interiores\/\",\"url\":\"https:\/\/sebmultiservices.com\/index.php\/es\/obras-interiores\/\",\"name\":\"Obras interiores &#8211; Seb Multiservices\",\"isPartOf\":{\"@id\":\"https:\/\/sebmultiservices.com\/#website\"},\"primaryImageOfPage\":{\"@id\":\"https:\/\/sebmultiservices.com\/index.php\/es\/obras-interiores\/#primaryimage\"},\"image\":{\"@id\":\"https:\/\/sebmultiservices.com\/index.php\/es\/obras-interiores\/#primaryimage\"},\"thumbnailUrl\":\"https:\/\/sebmultiservices.com\/wp-content\/uploads\/2021\/04\/Madeleine-4-300x300.png\",\"datePublished\":\"2021-04-03T12:51:46+00:00\",\"dateModified\":\"2021-05-05T17:15:42+00:00\",\"description\":\"Me encargo de la realizaci\u00f3n de sus nuevos proyectos, ya sea una habitaci\u00f3n de su casa o su renovaci\u00f3n completa.\",\"breadcrumb\":{\"@id\":\"https:\/\/sebmultiservices.com\/index.php\/es\/obras-interiores\/#breadcrumb\"},\"inLanguage\":\"fr-FR\",\"potentialAction\":[{\"@type\":\"ReadAction\",\"target\":[\"https:\/\/sebmultiservices.com\/index.php\/es\/obras-interiores\/\"]}]},{\"@type\":\"ImageObject\",\"inLanguage\":\"fr-FR\",\"@id\":\"https:\/\/sebmultiservices.com\/index.php\/es\/obras-interiores\/#primaryimage\",\"url\":\"https:\/\/i0.wp.com\/sebmultiservices.com\/wp-content\/uploads\/2021\/04\/Madeleine-4.png?fit=500%2C500&ssl=1\",\"contentUrl\":\"https:\/\/i0.wp.com\/sebmultiservices.com\/wp-content\/uploads\/2021\/04\/Madeleine-4.png?fit=500%2C500&ssl=1\",\"width\":500,\"height\":500},{\"@type\":\"BreadcrumbList\",\"@id\":\"https:\/\/sebmultiservices.com\/index.php\/es\/obras-interiores\/#breadcrumb\",\"itemListElement\":[{\"@type\":\"ListItem\",\"position\":1,\"name\":\"Accueil\",\"item\":\"https:\/\/sebmultiservices.com\/\"},{\"@type\":\"ListItem\",\"position\":2,\"name\":\"Obras interiores\"}]},{\"@type\":\"WebSite\",\"@id\":\"https:\/\/sebmultiservices.com\/#website\",\"url\":\"https:\/\/sebmultiservices.com\/\",\"name\":\"Seb Multiservices\",\"description\":\"Le service \u00e0 domicile sur-mesure !\",\"publisher\":{\"@id\":\"https:\/\/sebmultiservices.com\/#organization\"},\"potentialAction\":[{\"@type\":\"SearchAction\",\"target\":{\"@type\":\"EntryPoint\",\"urlTemplate\":\"https:\/\/sebmultiservices.com\/?s={search_term_string}\"},\"query-input\":{\"@type\":\"PropertyValueSpecification\",\"valueRequired\":true,\"valueName\":\"search_term_string\"}}],\"inLanguage\":\"fr-FR\"},{\"@type\":\"Organization\",\"@id\":\"https:\/\/sebmultiservices.com\/#organization\",\"name\":\"Seb Multiservices\",\"url\":\"https:\/\/sebmultiservices.com\/\",\"logo\":{\"@type\":\"ImageObject\",\"inLanguage\":\"fr-FR\",\"@id\":\"https:\/\/sebmultiservices.com\/#\/schema\/logo\/image\/\",\"url\":\"https:\/\/sebmultiservices.com\/wp-content\/uploads\/2021\/03\/cropped-Logo-devant-t-shirt-6.jpg\",\"contentUrl\":\"https:\/\/sebmultiservices.com\/wp-content\/uploads\/2021\/03\/cropped-Logo-devant-t-shirt-6.jpg\",\"width\":804,\"height\":326,\"caption\":\"Seb Multiservices\"},\"image\":{\"@id\":\"https:\/\/sebmultiservices.com\/#\/schema\/logo\/image\/\"}}]}<\/script>\n<!-- \/ Yoast SEO plugin. -->","yoast_head_json":{"title":"Obras interiores &#8211; Seb Multiservices","description":"Me encargo de la realizaci\u00f3n de sus nuevos proyectos, ya sea una habitaci\u00f3n de su casa o su renovaci\u00f3n completa.","robots":{"index":"index","follow":"follow","max-snippet":"max-snippet:-1","max-image-preview":"max-image-preview:large","max-video-preview":"max-video-preview:-1"},"canonical":"https:\/\/sebmultiservices.com\/index.php\/es\/obras-interiores\/","og_locale":"fr_FR","og_type":"article","og_title":"Obras interiores &#8211; Seb Multiservices","og_description":"Me encargo de la realizaci\u00f3n de sus nuevos proyectos, ya sea una habitaci\u00f3n de su casa o su renovaci\u00f3n completa.","og_url":"https:\/\/sebmultiservices.com\/index.php\/es\/obras-interiores\/","og_site_name":"Seb Multiservices","article_modified_time":"2021-05-05T17:15:42+00:00","og_image":[{"url":"https:\/\/sebmultiservices.com\/wp-content\/uploads\/2021\/04\/Madeleine-4-300x300.png","type":"","width":"","height":""}],"twitter_card":"summary_large_image","twitter_misc":{"Dur\u00e9e de lecture estim\u00e9e":"2 minutes"},"schema":{"@context":"https:\/\/schema.org","@graph":[{"@type":"WebPage","@id":"https:\/\/sebmultiservices.com\/index.php\/es\/obras-interiores\/","url":"https:\/\/sebmultiservices.com\/index.php\/es\/obras-interiores\/","name":"Obras interiores &#8211; Seb Multiservices","isPartOf":{"@id":"https:\/\/sebmultiservices.com\/#website"},"primaryImageOfPage":{"@id":"https:\/\/sebmultiservices.com\/index.php\/es\/obras-interiores\/#primaryimage"},"image":{"@id":"https:\/\/sebmultiservices.com\/index.php\/es\/obras-interiores\/#primaryimage"},"thumbnailUrl":"https:\/\/sebmultiservices.com\/wp-content\/uploads\/2021\/04\/Madeleine-4-300x300.png","datePublished":"2021-04-03T12:51:46+00:00","dateModified":"2021-05-05T17:15:42+00:00","description":"Me encargo de la realizaci\u00f3n de sus nuevos proyectos, ya sea una habitaci\u00f3n de su casa o su renovaci\u00f3n completa.","breadcrumb":{"@id":"https:\/\/sebmultiservices.com\/index.php\/es\/obras-interiores\/#breadcrumb"},"inLanguage":"fr-FR","potentialAction":[{"@type":"ReadAction","target":["https:\/\/sebmultiservices.com\/index.php\/es\/obras-interiores\/"]}]},{"@type":"ImageObject","inLanguage":"fr-FR","@id":"https:\/\/sebmultiservices.com\/index.php\/es\/obras-interiores\/#primaryimage","url":"https:\/\/i0.wp.com\/sebmultiservices.com\/wp-content\/uploads\/2021\/04\/Madeleine-4.png?fit=500%2C500&ssl=1","contentUrl":"https:\/\/i0.wp.com\/sebmultiservices.com\/wp-content\/uploads\/2021\/04\/Madeleine-4.png?fit=500%2C500&ssl=1","width":500,"height":500},{"@type":"BreadcrumbList","@id":"https:\/\/sebmultiservices.com\/index.php\/es\/obras-interiores\/#breadcrumb","itemListElement":[{"@type":"ListItem","position":1,"name":"Accueil","item":"https:\/\/sebmultiservices.com\/"},{"@type":"ListItem","position":2,"name":"Obras interiores"}]},{"@type":"WebSite","@id":"https:\/\/sebmultiservices.com\/#website","url":"https:\/\/sebmultiservices.com\/","name":"Seb Multiservices","description":"Le service \u00e0 domicile sur-mesure !","publisher":{"@id":"https:\/\/sebmultiservices.com\/#organization"},"potentialAction":[{"@type":"SearchAction","target":{"@type":"EntryPoint","urlTemplate":"https:\/\/sebmultiservices.com\/?s={search_term_string}"},"query-input":{"@type":"PropertyValueSpecification","valueRequired":true,"valueName":"search_term_string"}}],"inLanguage":"fr-FR"},{"@type":"Organization","@id":"https:\/\/sebmultiservices.com\/#organization","name":"Seb Multiservices","url":"https:\/\/sebmultiservices.com\/","logo":{"@type":"ImageObject","inLanguage":"fr-FR","@id":"https:\/\/sebmultiservices.com\/#\/schema\/logo\/image\/","url":"https:\/\/sebmultiservices.com\/wp-content\/uploads\/2021\/03\/cropped-Logo-devant-t-shirt-6.jpg","contentUrl":"https:\/\/sebmultiservices.com\/wp-content\/uploads\/2021\/03\/cropped-Logo-devant-t-shirt-6.jpg","width":804,"height":326,"caption":"Seb Multiservices"},"image":{"@id":"https:\/\/sebmultiservices.com\/#\/schema\/logo\/image\/"}}]}},"jetpack_sharing_enabled":true,"_links":{"self":[{"href":"https:\/\/sebmultiservices.com\/index.php\/wp-json\/wp\/v2\/pages\/412"}],"collection":[{"href":"https:\/\/sebmultiservices.com\/index.php\/wp-json\/wp\/v2\/pages"}],"about":[{"href":"https:\/\/sebmultiservices.com\/index.php\/wp-json\/wp\/v2\/types\/page"}],"author":[{"embeddable":true,"href":"https:\/\/sebmultiservices.com\/index.php\/wp-json\/wp\/v2\/users\/2"}],"replies":[{"embeddable":true,"href":"https:\/\/sebmultiservices.com\/index.php\/wp-json\/wp\/v2\/comments?post=412"}],"version-history":[{"count":9,"href":"https:\/\/sebmultiservices.com\/index.php\/wp-json\/wp\/v2\/pages\/412\/revisions"}],"predecessor-version":[{"id":938,"href":"https:\/\/sebmultiservices.com\/index.php\/wp-json\/wp\/v2\/pages\/412\/revisions\/938"}],"wp:attachment":[{"href":"https:\/\/sebmultiservices.com\/index.php\/wp-json\/wp\/v2\/media?parent=412"}],"curies":[{"name":"wp","href":"https:\/\/api.w.org\/{rel}","templated":true}]}}