{"id":467,"date":"2021-04-03T16:29:15","date_gmt":"2021-04-03T14:29:15","guid":{"rendered":"http:\/\/sebmultiservices.com\/?page_id=467"},"modified":"2021-05-04T17:53:36","modified_gmt":"2021-05-04T15:53:36","slug":"me-contacter","status":"publish","type":"page","link":"https:\/\/sebmultiservices.com\/index.php\/me-contacter\/","title":{"rendered":"Me contacter"},"content":{"rendered":"\n<p class=\"has-text-align-center\" style=\"font-size:23px\">Situ\u00e9 en Vend\u00e9e, j&rsquo;ai fond\u00e9 Seb Multiservices en d\u00e9cembre 2015. Aujourd\u2019hui, j&rsquo;ai \u00e9tendu mon r\u00e9seau de client\u00e8le, ainsi que mes services. <\/p>\n\n\n\n<br>\n\n\n\n<p class=\"has-text-align-center\" style=\"font-size:23px\">Seb Multiservices, le service \u00e0 domicile sur-mesure !<\/p>\n\n\n\n<br>\n\n\n\n<br>\n\n\n\n<div class=\"wp-block-contact-form-7-contact-form-selector\">\n<div class=\"wpcf7 no-js\" id=\"wpcf7-f147-o1\" lang=\"fr-FR\" dir=\"ltr\">\n<div class=\"screen-reader-response\"><p role=\"status\" aria-live=\"polite\" aria-atomic=\"true\"><\/p> <ul><\/ul><\/div>\n<form action=\"\/index.php\/wp-json\/wp\/v2\/pages\/467#wpcf7-f147-o1\" method=\"post\" class=\"wpcf7-form init\" aria-label=\"Formulaire de contact\" novalidate=\"novalidate\" data-status=\"init\">\n<div style=\"display: none;\">\n<input type=\"hidden\" name=\"_wpcf7\" value=\"147\" \/>\n<input type=\"hidden\" name=\"_wpcf7_version\" value=\"5.7.7\" \/>\n<input type=\"hidden\" name=\"_wpcf7_locale\" value=\"fr_FR\" \/>\n<input type=\"hidden\" name=\"_wpcf7_unit_tag\" value=\"wpcf7-f147-o1\" \/>\n<input type=\"hidden\" name=\"_wpcf7_container_post\" value=\"0\" \/>\n<input type=\"hidden\" name=\"_wpcf7_posted_data_hash\" value=\"\" \/>\n<input type=\"hidden\" name=\"_wpcf7_recaptcha_response\" value=\"\" \/>\n<\/div>\n<p><label> Votre nom et pr\u00e9nom<br \/>\n<span class=\"wpcf7-form-control-wrap\" data-name=\"your-name\"><input size=\"40\" class=\"wpcf7-form-control wpcf7-text wpcf7-validates-as-required\" aria-required=\"true\" aria-invalid=\"false\" value=\"\" type=\"text\" name=\"your-name\" \/><\/span> <\/label>\n<\/p>\n<p><label> Votre e-mail<br \/>\n<span class=\"wpcf7-form-control-wrap\" data-name=\"your-email\"><input size=\"40\" class=\"wpcf7-form-control wpcf7-text wpcf7-email wpcf7-validates-as-required wpcf7-validates-as-email\" aria-required=\"true\" aria-invalid=\"false\" value=\"\" type=\"email\" name=\"your-email\" \/><\/span> <\/label>\n<\/p>\n<p><label> Objet<br \/>\n<span class=\"wpcf7-form-control-wrap\" data-name=\"your-subject\"><input size=\"40\" class=\"wpcf7-form-control wpcf7-text wpcf7-validates-as-required\" aria-required=\"true\" aria-invalid=\"false\" value=\"\" type=\"text\" name=\"your-subject\" \/><\/span> <\/label>\n<\/p>\n<p><label> Votre message<br \/>\n<span class=\"wpcf7-form-control-wrap\" data-name=\"your-message\"><textarea cols=\"40\" rows=\"10\" class=\"wpcf7-form-control wpcf7-textarea\" aria-invalid=\"false\" name=\"your-message\"><\/textarea><\/span> <\/label>\n<\/p>\n<p><input class=\"wpcf7-form-control has-spinner wpcf7-submit\" type=\"submit\" value=\"Envoyer\" \/>\n<\/p><div class=\"wpcf7-response-output\" aria-hidden=\"true\"><\/div>\n<\/form>\n<\/div>\n<\/div>\n\n\n\n<br>\n\n\n\n<br>\n\n\n\n<div class=\"wp-block-image\"><figure class=\"aligncenter size-large is-resized\"><img data-recalc-dims=\"1\" loading=\"lazy\" decoding=\"async\" src=\"https:\/\/i0.wp.com\/sebmultiservices.com\/wp-content\/uploads\/2021\/03\/Capture-decran-2021-03-30-a-10.43.31.png?resize=768%2C506&#038;ssl=1\" alt=\"Mes coordonn\u00e9es\" class=\"wp-image-170\" width=\"768\" height=\"506\" srcset=\"https:\/\/i0.wp.com\/sebmultiservices.com\/wp-content\/uploads\/2021\/03\/Capture-decran-2021-03-30-a-10.43.31.png?resize=1024%2C674&amp;ssl=1 1024w, https:\/\/i0.wp.com\/sebmultiservices.com\/wp-content\/uploads\/2021\/03\/Capture-decran-2021-03-30-a-10.43.31.png?resize=300%2C198&amp;ssl=1 300w, https:\/\/i0.wp.com\/sebmultiservices.com\/wp-content\/uploads\/2021\/03\/Capture-decran-2021-03-30-a-10.43.31.png?resize=768%2C506&amp;ssl=1 768w, https:\/\/i0.wp.com\/sebmultiservices.com\/wp-content\/uploads\/2021\/03\/Capture-decran-2021-03-30-a-10.43.31.png?resize=208%2C137&amp;ssl=1 208w, https:\/\/i0.wp.com\/sebmultiservices.com\/wp-content\/uploads\/2021\/03\/Capture-decran-2021-03-30-a-10.43.31.png?w=1206&amp;ssl=1 1206w\" sizes=\"(max-width: 768px) 100vw, 768px\" \/><\/figure><\/div>\n","protected":false},"excerpt":{"rendered":"<p>Situ\u00e9 en Vend\u00e9e, j&rsquo;ai fond\u00e9 Seb Multiservices en d\u00e9cembre 2015. Aujourd\u2019hui, j&rsquo;ai \u00e9tendu mon r\u00e9seau de client\u00e8le, ainsi que mes &hellip; <\/p>\n","protected":false},"author":2,"featured_media":0,"parent":0,"menu_order":0,"comment_status":"closed","ping_status":"closed","template":"","meta":{"footnotes":""},"yoast_head":"<!-- This site is optimized with the Yoast SEO plugin v24.5 - https:\/\/yoast.com\/wordpress\/plugins\/seo\/ -->\n<title>Me contacter &#8211; Seb Multiservices<\/title>\n<meta name=\"description\" content=\"Une envie de r\u00e9novation ou de fraicheur dans v\u00f4tre jardin. Donnez-moi toutes les informations sur ce projet et je vous recontacterais.\" \/>\n<meta name=\"robots\" content=\"index, follow, max-snippet:-1, max-image-preview:large, max-video-preview:-1\" \/>\n<link rel=\"canonical\" href=\"https:\/\/sebmultiservices.com\/index.php\/me-contacter\/\" \/>\n<meta property=\"og:locale\" content=\"fr_FR\" \/>\n<meta property=\"og:type\" content=\"article\" \/>\n<meta property=\"og:title\" content=\"Me contacter &#8211; Seb Multiservices\" \/>\n<meta property=\"og:description\" content=\"Une envie de r\u00e9novation ou de fraicheur dans v\u00f4tre jardin. Donnez-moi toutes les informations sur ce projet et je vous recontacterais.\" \/>\n<meta property=\"og:url\" content=\"https:\/\/sebmultiservices.com\/index.php\/me-contacter\/\" \/>\n<meta property=\"og:site_name\" content=\"Seb Multiservices\" \/>\n<meta property=\"article:modified_time\" content=\"2021-05-04T15:53:36+00:00\" \/>\n<meta property=\"og:image\" content=\"http:\/\/sebmultiservices.com\/wp-content\/uploads\/2021\/03\/Capture-decran-2021-03-30-a-10.43.31-1024x674.png\" \/>\n<meta name=\"twitter:card\" content=\"summary_large_image\" \/>\n<meta name=\"twitter:label1\" content=\"Dur\u00e9e de lecture estim\u00e9e\" \/>\n\t<meta name=\"twitter:data1\" content=\"1 minute\" \/>\n<script type=\"application\/ld+json\" class=\"yoast-schema-graph\">{\"@context\":\"https:\/\/schema.org\",\"@graph\":[{\"@type\":\"WebPage\",\"@id\":\"https:\/\/sebmultiservices.com\/index.php\/me-contacter\/\",\"url\":\"https:\/\/sebmultiservices.com\/index.php\/me-contacter\/\",\"name\":\"Me contacter &#8211; Seb Multiservices\",\"isPartOf\":{\"@id\":\"https:\/\/sebmultiservices.com\/#website\"},\"primaryImageOfPage\":{\"@id\":\"https:\/\/sebmultiservices.com\/index.php\/me-contacter\/#primaryimage\"},\"image\":{\"@id\":\"https:\/\/sebmultiservices.com\/index.php\/me-contacter\/#primaryimage\"},\"thumbnailUrl\":\"http:\/\/sebmultiservices.com\/wp-content\/uploads\/2021\/03\/Capture-decran-2021-03-30-a-10.43.31-1024x674.png\",\"datePublished\":\"2021-04-03T14:29:15+00:00\",\"dateModified\":\"2021-05-04T15:53:36+00:00\",\"description\":\"Une envie de r\u00e9novation ou de fraicheur dans v\u00f4tre jardin. Donnez-moi toutes les informations sur ce projet et je vous recontacterais.\",\"breadcrumb\":{\"@id\":\"https:\/\/sebmultiservices.com\/index.php\/me-contacter\/#breadcrumb\"},\"inLanguage\":\"fr-FR\",\"potentialAction\":[{\"@type\":\"ReadAction\",\"target\":[\"https:\/\/sebmultiservices.com\/index.php\/me-contacter\/\"]}]},{\"@type\":\"ImageObject\",\"inLanguage\":\"fr-FR\",\"@id\":\"https:\/\/sebmultiservices.com\/index.php\/me-contacter\/#primaryimage\",\"url\":\"http:\/\/sebmultiservices.com\/wp-content\/uploads\/2021\/03\/Capture-decran-2021-03-30-a-10.43.31-1024x674.png\",\"contentUrl\":\"http:\/\/sebmultiservices.com\/wp-content\/uploads\/2021\/03\/Capture-decran-2021-03-30-a-10.43.31-1024x674.png\"},{\"@type\":\"BreadcrumbList\",\"@id\":\"https:\/\/sebmultiservices.com\/index.php\/me-contacter\/#breadcrumb\",\"itemListElement\":[{\"@type\":\"ListItem\",\"position\":1,\"name\":\"Accueil\",\"item\":\"https:\/\/sebmultiservices.com\/\"},{\"@type\":\"ListItem\",\"position\":2,\"name\":\"Me contacter\"}]},{\"@type\":\"WebSite\",\"@id\":\"https:\/\/sebmultiservices.com\/#website\",\"url\":\"https:\/\/sebmultiservices.com\/\",\"name\":\"Seb Multiservices\",\"description\":\"Le service \u00e0 domicile sur-mesure !\",\"publisher\":{\"@id\":\"https:\/\/sebmultiservices.com\/#organization\"},\"potentialAction\":[{\"@type\":\"SearchAction\",\"target\":{\"@type\":\"EntryPoint\",\"urlTemplate\":\"https:\/\/sebmultiservices.com\/?s={search_term_string}\"},\"query-input\":{\"@type\":\"PropertyValueSpecification\",\"valueRequired\":true,\"valueName\":\"search_term_string\"}}],\"inLanguage\":\"fr-FR\"},{\"@type\":\"Organization\",\"@id\":\"https:\/\/sebmultiservices.com\/#organization\",\"name\":\"Seb Multiservices\",\"url\":\"https:\/\/sebmultiservices.com\/\",\"logo\":{\"@type\":\"ImageObject\",\"inLanguage\":\"fr-FR\",\"@id\":\"https:\/\/sebmultiservices.com\/#\/schema\/logo\/image\/\",\"url\":\"https:\/\/sebmultiservices.com\/wp-content\/uploads\/2021\/03\/cropped-Logo-devant-t-shirt-6.jpg\",\"contentUrl\":\"https:\/\/sebmultiservices.com\/wp-content\/uploads\/2021\/03\/cropped-Logo-devant-t-shirt-6.jpg\",\"width\":804,\"height\":326,\"caption\":\"Seb Multiservices\"},\"image\":{\"@id\":\"https:\/\/sebmultiservices.com\/#\/schema\/logo\/image\/\"}}]}<\/script>\n<!-- \/ Yoast SEO plugin. -->","yoast_head_json":{"title":"Me contacter &#8211; Seb Multiservices","description":"Une envie de r\u00e9novation ou de fraicheur dans v\u00f4tre jardin. Donnez-moi toutes les informations sur ce projet et je vous recontacterais.","robots":{"index":"index","follow":"follow","max-snippet":"max-snippet:-1","max-image-preview":"max-image-preview:large","max-video-preview":"max-video-preview:-1"},"canonical":"https:\/\/sebmultiservices.com\/index.php\/me-contacter\/","og_locale":"fr_FR","og_type":"article","og_title":"Me contacter &#8211; Seb Multiservices","og_description":"Une envie de r\u00e9novation ou de fraicheur dans v\u00f4tre jardin. Donnez-moi toutes les informations sur ce projet et je vous recontacterais.","og_url":"https:\/\/sebmultiservices.com\/index.php\/me-contacter\/","og_site_name":"Seb Multiservices","article_modified_time":"2021-05-04T15:53:36+00:00","og_image":[{"url":"http:\/\/sebmultiservices.com\/wp-content\/uploads\/2021\/03\/Capture-decran-2021-03-30-a-10.43.31-1024x674.png","type":"","width":"","height":""}],"twitter_card":"summary_large_image","twitter_misc":{"Dur\u00e9e de lecture estim\u00e9e":"1 minute"},"schema":{"@context":"https:\/\/schema.org","@graph":[{"@type":"WebPage","@id":"https:\/\/sebmultiservices.com\/index.php\/me-contacter\/","url":"https:\/\/sebmultiservices.com\/index.php\/me-contacter\/","name":"Me contacter &#8211; Seb Multiservices","isPartOf":{"@id":"https:\/\/sebmultiservices.com\/#website"},"primaryImageOfPage":{"@id":"https:\/\/sebmultiservices.com\/index.php\/me-contacter\/#primaryimage"},"image":{"@id":"https:\/\/sebmultiservices.com\/index.php\/me-contacter\/#primaryimage"},"thumbnailUrl":"http:\/\/sebmultiservices.com\/wp-content\/uploads\/2021\/03\/Capture-decran-2021-03-30-a-10.43.31-1024x674.png","datePublished":"2021-04-03T14:29:15+00:00","dateModified":"2021-05-04T15:53:36+00:00","description":"Une envie de r\u00e9novation ou de fraicheur dans v\u00f4tre jardin. Donnez-moi toutes les informations sur ce projet et je vous recontacterais.","breadcrumb":{"@id":"https:\/\/sebmultiservices.com\/index.php\/me-contacter\/#breadcrumb"},"inLanguage":"fr-FR","potentialAction":[{"@type":"ReadAction","target":["https:\/\/sebmultiservices.com\/index.php\/me-contacter\/"]}]},{"@type":"ImageObject","inLanguage":"fr-FR","@id":"https:\/\/sebmultiservices.com\/index.php\/me-contacter\/#primaryimage","url":"http:\/\/sebmultiservices.com\/wp-content\/uploads\/2021\/03\/Capture-decran-2021-03-30-a-10.43.31-1024x674.png","contentUrl":"http:\/\/sebmultiservices.com\/wp-content\/uploads\/2021\/03\/Capture-decran-2021-03-30-a-10.43.31-1024x674.png"},{"@type":"BreadcrumbList","@id":"https:\/\/sebmultiservices.com\/index.php\/me-contacter\/#breadcrumb","itemListElement":[{"@type":"ListItem","position":1,"name":"Accueil","item":"https:\/\/sebmultiservices.com\/"},{"@type":"ListItem","position":2,"name":"Me contacter"}]},{"@type":"WebSite","@id":"https:\/\/sebmultiservices.com\/#website","url":"https:\/\/sebmultiservices.com\/","name":"Seb Multiservices","description":"Le service \u00e0 domicile sur-mesure !","publisher":{"@id":"https:\/\/sebmultiservices.com\/#organization"},"potentialAction":[{"@type":"SearchAction","target":{"@type":"EntryPoint","urlTemplate":"https:\/\/sebmultiservices.com\/?s={search_term_string}"},"query-input":{"@type":"PropertyValueSpecification","valueRequired":true,"valueName":"search_term_string"}}],"inLanguage":"fr-FR"},{"@type":"Organization","@id":"https:\/\/sebmultiservices.com\/#organization","name":"Seb Multiservices","url":"https:\/\/sebmultiservices.com\/","logo":{"@type":"ImageObject","inLanguage":"fr-FR","@id":"https:\/\/sebmultiservices.com\/#\/schema\/logo\/image\/","url":"https:\/\/sebmultiservices.com\/wp-content\/uploads\/2021\/03\/cropped-Logo-devant-t-shirt-6.jpg","contentUrl":"https:\/\/sebmultiservices.com\/wp-content\/uploads\/2021\/03\/cropped-Logo-devant-t-shirt-6.jpg","width":804,"height":326,"caption":"Seb Multiservices"},"image":{"@id":"https:\/\/sebmultiservices.com\/#\/schema\/logo\/image\/"}}]}},"jetpack_sharing_enabled":true,"_links":{"self":[{"href":"https:\/\/sebmultiservices.com\/index.php\/wp-json\/wp\/v2\/pages\/467"}],"collection":[{"href":"https:\/\/sebmultiservices.com\/index.php\/wp-json\/wp\/v2\/pages"}],"about":[{"href":"https:\/\/sebmultiservices.com\/index.php\/wp-json\/wp\/v2\/types\/page"}],"author":[{"embeddable":true,"href":"https:\/\/sebmultiservices.com\/index.php\/wp-json\/wp\/v2\/users\/2"}],"replies":[{"embeddable":true,"href":"https:\/\/sebmultiservices.com\/index.php\/wp-json\/wp\/v2\/comments?post=467"}],"version-history":[{"count":6,"href":"https:\/\/sebmultiservices.com\/index.php\/wp-json\/wp\/v2\/pages\/467\/revisions"}],"predecessor-version":[{"id":908,"href":"https:\/\/sebmultiservices.com\/index.php\/wp-json\/wp\/v2\/pages\/467\/revisions\/908"}],"wp:attachment":[{"href":"https:\/\/sebmultiservices.com\/index.php\/wp-json\/wp\/v2\/media?parent=467"}],"curies":[{"name":"wp","href":"https:\/\/api.w.org\/{rel}","templated":true}]}}