{"id":74,"date":"2021-03-25T15:47:52","date_gmt":"2021-03-25T14:47:52","guid":{"rendered":"http:\/\/sebmultiservices.com\/?page_id=74"},"modified":"2022-02-13T14:21:35","modified_gmt":"2022-02-13T13:21:35","slug":"travaux-divers","status":"publish","type":"page","link":"https:\/\/sebmultiservices.com\/index.php\/travaux-divers\/","title":{"rendered":"Travaux divers"},"content":{"rendered":"\n<p>Je r\u00e9alise aussi de petites \u0153uvres.<\/p>\n\n\n\n<br>\n\n\n\n<div class=\"wp-block-columns are-vertically-aligned-center is-layout-flex wp-container-core-columns-is-layout-1 wp-block-columns-is-layout-flex\">\n<div class=\"wp-block-column is-vertically-aligned-center is-layout-flow wp-block-column-is-layout-flow\">\n<div class=\"wp-block-buttons is-content-justification-center is-layout-flex wp-block-buttons-is-layout-flex\">\n<div class=\"wp-block-button\"><a class=\"wp-block-button__link has-white-color has-text-color has-background\" href=\"https:\/\/sebmultiservices.com\/index.php\/service-a-domicile\/\" style=\"background-color:#00adeb\">Service \u00e0 domicile<\/a><\/div>\n<\/div>\n<\/div>\n\n\n\n<div class=\"wp-block-column is-vertically-aligned-center is-layout-flow wp-block-column-is-layout-flow\">\n<div class=\"wp-block-buttons is-content-justification-center is-layout-flex wp-block-buttons-is-layout-flex\">\n<div class=\"wp-block-button is-style-fill\"><a class=\"wp-block-button__link has-white-color has-text-color has-background\" href=\"https:\/\/sebmultiservices.com\/index.php\/reparation-delectromenagers\/\" style=\"border-radius:50px;background-color:#00adeb\">R\u00e9paration d&rsquo;\u00e9lectrom\u00e9nagers<\/a><\/div>\n<\/div>\n<\/div>\n\n\n\n<div class=\"wp-block-column is-vertically-aligned-center is-layout-flow wp-block-column-is-layout-flow\">\n<div class=\"wp-block-buttons is-content-justification-center is-layout-flex wp-block-buttons-is-layout-flex\">\n<div class=\"wp-block-button\"><a class=\"wp-block-button__link has-white-color has-text-color has-background\" href=\"https:\/\/sebmultiservices.com\/index.php\/depannages-divers\/\" style=\"border-radius:50px;background-color:#00adeb\">D\u00e9pannages divers<\/a><\/div>\n<\/div>\n<\/div>\n<\/div>\n\n\n\n<div class=\"wp-block-columns is-layout-flex wp-container-core-columns-is-layout-2 wp-block-columns-is-layout-flex\">\n<div class=\"wp-block-column is-vertically-aligned-center is-layout-flow wp-block-column-is-layout-flow\">\n<div class=\"wp-block-buttons is-content-justification-center is-layout-flex wp-block-buttons-is-layout-flex\">\n<div class=\"wp-block-button\"><a class=\"wp-block-button__link has-white-color has-text-color has-background\" href=\"https:\/\/www.sebmultiservices.com\/index.php\/demenagement\/\" style=\"border-radius:50px;background-color:#00adeb\">D\u00e9m\u00e9nagement<\/a><\/div>\n<\/div>\n<\/div>\n\n\n\n<div class=\"wp-block-column is-vertically-aligned-center is-layout-flow wp-block-column-is-layout-flow\">\n<div class=\"wp-block-buttons is-content-justification-center is-layout-flex wp-block-buttons-is-layout-flex\">\n<div class=\"wp-block-button is-style-fill\"><a class=\"wp-block-button__link has-white-color has-text-color has-background\" href=\"https:\/\/sebmultiservices.com\/index.php\/serrurerie\/\" style=\"background-color:#00adeb\">Serrurerie<\/a><\/div>\n<\/div>\n<\/div>\n<\/div>\n\n\n\n<p><\/p>\n","protected":false},"excerpt":{"rendered":"<p>Je r\u00e9alise aussi de petites \u0153uvres.<\/p>\n","protected":false},"author":4,"featured_media":0,"parent":0,"menu_order":0,"comment_status":"closed","ping_status":"closed","template":"","meta":{"footnotes":""},"yoast_head":"<!-- This site is optimized with the Yoast SEO plugin v24.5 - https:\/\/yoast.com\/wordpress\/plugins\/seo\/ -->\n<title>Travaux divers &#8211; Seb Multiservices<\/title>\n<meta name=\"description\" content=\"Je m&#039;occupe \u00e9galement de petits travaux divers, comme la r\u00e9paration de mat\u00e9riel \u00e9lectroniques ou d&#039;\u00e9lectrom\u00e9nagers, les d\u00e9m\u00e9nagements ...\" \/>\n<meta name=\"robots\" content=\"index, follow, max-snippet:-1, max-image-preview:large, max-video-preview:-1\" \/>\n<link rel=\"canonical\" href=\"https:\/\/sebmultiservices.com\/index.php\/travaux-divers\/\" \/>\n<meta property=\"og:locale\" content=\"fr_FR\" \/>\n<meta property=\"og:type\" content=\"article\" \/>\n<meta property=\"og:title\" content=\"Travaux divers &#8211; Seb Multiservices\" \/>\n<meta property=\"og:description\" content=\"Je m&#039;occupe \u00e9galement de petits travaux divers, comme la r\u00e9paration de mat\u00e9riel \u00e9lectroniques ou d&#039;\u00e9lectrom\u00e9nagers, les d\u00e9m\u00e9nagements ...\" \/>\n<meta property=\"og:url\" content=\"https:\/\/sebmultiservices.com\/index.php\/travaux-divers\/\" \/>\n<meta property=\"og:site_name\" content=\"Seb Multiservices\" \/>\n<meta property=\"article:modified_time\" content=\"2022-02-13T13:21:35+00:00\" \/>\n<meta name=\"twitter:card\" content=\"summary_large_image\" \/>\n<meta name=\"twitter:label1\" content=\"Dur\u00e9e de lecture estim\u00e9e\" \/>\n\t<meta name=\"twitter:data1\" content=\"1 minute\" \/>\n<script type=\"application\/ld+json\" class=\"yoast-schema-graph\">{\"@context\":\"https:\/\/schema.org\",\"@graph\":[{\"@type\":\"WebPage\",\"@id\":\"https:\/\/sebmultiservices.com\/index.php\/travaux-divers\/\",\"url\":\"https:\/\/sebmultiservices.com\/index.php\/travaux-divers\/\",\"name\":\"Travaux divers &#8211; Seb Multiservices\",\"isPartOf\":{\"@id\":\"https:\/\/sebmultiservices.com\/#website\"},\"datePublished\":\"2021-03-25T14:47:52+00:00\",\"dateModified\":\"2022-02-13T13:21:35+00:00\",\"description\":\"Je m'occupe \u00e9galement de petits travaux divers, comme la r\u00e9paration de mat\u00e9riel \u00e9lectroniques ou d'\u00e9lectrom\u00e9nagers, les d\u00e9m\u00e9nagements ...\",\"breadcrumb\":{\"@id\":\"https:\/\/sebmultiservices.com\/index.php\/travaux-divers\/#breadcrumb\"},\"inLanguage\":\"fr-FR\",\"potentialAction\":[{\"@type\":\"ReadAction\",\"target\":[\"https:\/\/sebmultiservices.com\/index.php\/travaux-divers\/\"]}]},{\"@type\":\"BreadcrumbList\",\"@id\":\"https:\/\/sebmultiservices.com\/index.php\/travaux-divers\/#breadcrumb\",\"itemListElement\":[{\"@type\":\"ListItem\",\"position\":1,\"name\":\"Accueil\",\"item\":\"https:\/\/sebmultiservices.com\/\"},{\"@type\":\"ListItem\",\"position\":2,\"name\":\"Travaux divers\"}]},{\"@type\":\"WebSite\",\"@id\":\"https:\/\/sebmultiservices.com\/#website\",\"url\":\"https:\/\/sebmultiservices.com\/\",\"name\":\"Seb Multiservices\",\"description\":\"Le service \u00e0 domicile sur-mesure !\",\"publisher\":{\"@id\":\"https:\/\/sebmultiservices.com\/#organization\"},\"potentialAction\":[{\"@type\":\"SearchAction\",\"target\":{\"@type\":\"EntryPoint\",\"urlTemplate\":\"https:\/\/sebmultiservices.com\/?s={search_term_string}\"},\"query-input\":{\"@type\":\"PropertyValueSpecification\",\"valueRequired\":true,\"valueName\":\"search_term_string\"}}],\"inLanguage\":\"fr-FR\"},{\"@type\":\"Organization\",\"@id\":\"https:\/\/sebmultiservices.com\/#organization\",\"name\":\"Seb Multiservices\",\"url\":\"https:\/\/sebmultiservices.com\/\",\"logo\":{\"@type\":\"ImageObject\",\"inLanguage\":\"fr-FR\",\"@id\":\"https:\/\/sebmultiservices.com\/#\/schema\/logo\/image\/\",\"url\":\"https:\/\/sebmultiservices.com\/wp-content\/uploads\/2021\/03\/cropped-Logo-devant-t-shirt-6.jpg\",\"contentUrl\":\"https:\/\/sebmultiservices.com\/wp-content\/uploads\/2021\/03\/cropped-Logo-devant-t-shirt-6.jpg\",\"width\":804,\"height\":326,\"caption\":\"Seb Multiservices\"},\"image\":{\"@id\":\"https:\/\/sebmultiservices.com\/#\/schema\/logo\/image\/\"}}]}<\/script>\n<!-- \/ Yoast SEO plugin. -->","yoast_head_json":{"title":"Travaux divers &#8211; Seb Multiservices","description":"Je m'occupe \u00e9galement de petits travaux divers, comme la r\u00e9paration de mat\u00e9riel \u00e9lectroniques ou d'\u00e9lectrom\u00e9nagers, les d\u00e9m\u00e9nagements ...","robots":{"index":"index","follow":"follow","max-snippet":"max-snippet:-1","max-image-preview":"max-image-preview:large","max-video-preview":"max-video-preview:-1"},"canonical":"https:\/\/sebmultiservices.com\/index.php\/travaux-divers\/","og_locale":"fr_FR","og_type":"article","og_title":"Travaux divers &#8211; Seb Multiservices","og_description":"Je m'occupe \u00e9galement de petits travaux divers, comme la r\u00e9paration de mat\u00e9riel \u00e9lectroniques ou d'\u00e9lectrom\u00e9nagers, les d\u00e9m\u00e9nagements ...","og_url":"https:\/\/sebmultiservices.com\/index.php\/travaux-divers\/","og_site_name":"Seb Multiservices","article_modified_time":"2022-02-13T13:21:35+00:00","twitter_card":"summary_large_image","twitter_misc":{"Dur\u00e9e de lecture estim\u00e9e":"1 minute"},"schema":{"@context":"https:\/\/schema.org","@graph":[{"@type":"WebPage","@id":"https:\/\/sebmultiservices.com\/index.php\/travaux-divers\/","url":"https:\/\/sebmultiservices.com\/index.php\/travaux-divers\/","name":"Travaux divers &#8211; Seb Multiservices","isPartOf":{"@id":"https:\/\/sebmultiservices.com\/#website"},"datePublished":"2021-03-25T14:47:52+00:00","dateModified":"2022-02-13T13:21:35+00:00","description":"Je m'occupe \u00e9galement de petits travaux divers, comme la r\u00e9paration de mat\u00e9riel \u00e9lectroniques ou d'\u00e9lectrom\u00e9nagers, les d\u00e9m\u00e9nagements ...","breadcrumb":{"@id":"https:\/\/sebmultiservices.com\/index.php\/travaux-divers\/#breadcrumb"},"inLanguage":"fr-FR","potentialAction":[{"@type":"ReadAction","target":["https:\/\/sebmultiservices.com\/index.php\/travaux-divers\/"]}]},{"@type":"BreadcrumbList","@id":"https:\/\/sebmultiservices.com\/index.php\/travaux-divers\/#breadcrumb","itemListElement":[{"@type":"ListItem","position":1,"name":"Accueil","item":"https:\/\/sebmultiservices.com\/"},{"@type":"ListItem","position":2,"name":"Travaux divers"}]},{"@type":"WebSite","@id":"https:\/\/sebmultiservices.com\/#website","url":"https:\/\/sebmultiservices.com\/","name":"Seb Multiservices","description":"Le service \u00e0 domicile sur-mesure !","publisher":{"@id":"https:\/\/sebmultiservices.com\/#organization"},"potentialAction":[{"@type":"SearchAction","target":{"@type":"EntryPoint","urlTemplate":"https:\/\/sebmultiservices.com\/?s={search_term_string}"},"query-input":{"@type":"PropertyValueSpecification","valueRequired":true,"valueName":"search_term_string"}}],"inLanguage":"fr-FR"},{"@type":"Organization","@id":"https:\/\/sebmultiservices.com\/#organization","name":"Seb Multiservices","url":"https:\/\/sebmultiservices.com\/","logo":{"@type":"ImageObject","inLanguage":"fr-FR","@id":"https:\/\/sebmultiservices.com\/#\/schema\/logo\/image\/","url":"https:\/\/sebmultiservices.com\/wp-content\/uploads\/2021\/03\/cropped-Logo-devant-t-shirt-6.jpg","contentUrl":"https:\/\/sebmultiservices.com\/wp-content\/uploads\/2021\/03\/cropped-Logo-devant-t-shirt-6.jpg","width":804,"height":326,"caption":"Seb Multiservices"},"image":{"@id":"https:\/\/sebmultiservices.com\/#\/schema\/logo\/image\/"}}]}},"jetpack_sharing_enabled":true,"_links":{"self":[{"href":"https:\/\/sebmultiservices.com\/index.php\/wp-json\/wp\/v2\/pages\/74"}],"collection":[{"href":"https:\/\/sebmultiservices.com\/index.php\/wp-json\/wp\/v2\/pages"}],"about":[{"href":"https:\/\/sebmultiservices.com\/index.php\/wp-json\/wp\/v2\/types\/page"}],"author":[{"embeddable":true,"href":"https:\/\/sebmultiservices.com\/index.php\/wp-json\/wp\/v2\/users\/4"}],"replies":[{"embeddable":true,"href":"https:\/\/sebmultiservices.com\/index.php\/wp-json\/wp\/v2\/comments?post=74"}],"version-history":[{"count":23,"href":"https:\/\/sebmultiservices.com\/index.php\/wp-json\/wp\/v2\/pages\/74\/revisions"}],"predecessor-version":[{"id":1029,"href":"https:\/\/sebmultiservices.com\/index.php\/wp-json\/wp\/v2\/pages\/74\/revisions\/1029"}],"wp:attachment":[{"href":"https:\/\/sebmultiservices.com\/index.php\/wp-json\/wp\/v2\/media?parent=74"}],"curies":[{"name":"wp","href":"https:\/\/api.w.org\/{rel}","templated":true}]}}